{"id":18661,"date":"2024-04-15T13:18:54","date_gmt":"2024-04-15T10:18:54","guid":{"rendered":"https:\/\/lawgr.eu\/prosopika-dedomena\/"},"modified":"2024-11-21T13:01:47","modified_gmt":"2024-11-21T11:01:47","slug":"prosopika-dedomena","status":"publish","type":"page","link":"https:\/\/lawgr.eu\/en\/tomeis-ekseidikeusis\/prosopika-dedomena\/","title":{"rendered":"PERSONAL INFORMATION"},"content":{"rendered":"\t\t<div data-elementor-type=\"wp-page\" data-elementor-id=\"18661\" class=\"elementor elementor-18661 elementor-16887\" data-elementor-post-type=\"page\">\n\t\t\t\t\t\t<section class=\"elementor-section elementor-top-section elementor-element elementor-element-37d1b48 elementor-section-full_width elementor-section-height-min-height elementor-section-height-default elementor-section-items-middle\" data-id=\"37d1b48\" data-element_type=\"section\" data-settings=\"{&quot;background_background&quot;:&quot;classic&quot;}\">\n\t\t\t\t\t\t\t<div class=\"elementor-background-overlay\"><\/div>\n\t\t\t\t\t\t\t<div class=\"elementor-container elementor-column-gap-default\">\n\t\t\t\t\t<div class=\"elementor-column elementor-col-100 elementor-top-column elementor-element elementor-element-a46c8dd\" data-id=\"a46c8dd\" data-element_type=\"column\">\n\t\t\t<div class=\"elementor-widget-wrap\">\n\t\t\t\t\t\t\t<\/div>\n\t\t<\/div>\n\t\t\t\t\t<\/div>\n\t\t<\/section>\n\t\t\t\t<section class=\"elementor-section elementor-top-section elementor-element elementor-element-fbfc866 elementor-reverse-tablet elementor-reverse-mobile elementor-section-boxed elementor-section-height-default elementor-section-height-default\" data-id=\"fbfc866\" data-element_type=\"section\" data-settings=\"{&quot;background_background&quot;:&quot;classic&quot;}\">\n\t\t\t\t\t\t\t<div class=\"elementor-background-overlay\"><\/div>\n\t\t\t\t\t\t\t<div class=\"elementor-container elementor-column-gap-default\">\n\t\t\t\t\t<div class=\"elementor-column elementor-col-50 elementor-top-column elementor-element elementor-element-9b2dc41 animated-slow elementor-invisible\" data-id=\"9b2dc41\" data-element_type=\"column\" data-settings=\"{&quot;animation&quot;:&quot;fadeInUp&quot;,&quot;background_background&quot;:&quot;classic&quot;}\">\n\t\t\t<div class=\"elementor-widget-wrap elementor-element-populated\">\n\t\t\t\t\t<div class=\"elementor-background-overlay\"><\/div>\n\t\t\t\t\t\t<div class=\"elementor-element elementor-element-311360a elementor-widget-divider--view-line elementor-widget elementor-widget-divider\" data-id=\"311360a\" data-element_type=\"widget\" data-widget_type=\"divider.default\">\n\t\t\t\t<div class=\"elementor-widget-container\">\n\t\t\t\t\t<div class=\"elementor-divider\">\n\t\t\t<span class=\"elementor-divider-separator\">\n\t\t\t\t\t\t<\/span>\n\t\t<\/div>\n\t\t\t\t<\/div>\n\t\t\t\t<\/div>\n\t\t\t\t<div class=\"elementor-element elementor-element-3ec65f2 elementor-widget elementor-widget-heading\" data-id=\"3ec65f2\" data-element_type=\"widget\" data-widget_type=\"heading.default\">\n\t\t\t\t<div class=\"elementor-widget-container\">\n\t\t\t<h2 class=\"elementor-heading-title elementor-size-default\">PERSONAL INFORMATION<\/h2>\t\t<\/div>\n\t\t\t\t<\/div>\n\t\t\t\t\t<\/div>\n\t\t<\/div>\n\t\t\t\t<div class=\"elementor-column elementor-col-50 elementor-top-column elementor-element elementor-element-292e944\" data-id=\"292e944\" data-element_type=\"column\">\n\t\t\t<div class=\"elementor-widget-wrap elementor-element-populated\">\n\t\t\t\t\t\t<div class=\"elementor-element elementor-element-0ba2b63 elementor-widget elementor-widget-image\" data-id=\"0ba2b63\" data-element_type=\"widget\" data-widget_type=\"image.default\">\n\t\t\t\t<div class=\"elementor-widget-container\">\n\t\t\t\t\t\t\t\t\t\t\t\t\t<img fetchpriority=\"high\" decoding=\"async\" width=\"1110\" height=\"667\" src=\"https:\/\/lawgr.eu\/wp-content\/uploads\/2020\/11\/prosopika-dedomena23.jpg\" class=\"attachment-full size-full wp-image-4567\" alt=\"\" srcset=\"https:\/\/lawgr.eu\/wp-content\/uploads\/2020\/11\/prosopika-dedomena23.jpg 1110w, https:\/\/lawgr.eu\/wp-content\/uploads\/2020\/11\/prosopika-dedomena23-300x180.jpg 300w, https:\/\/lawgr.eu\/wp-content\/uploads\/2020\/11\/prosopika-dedomena23-1024x615.jpg 1024w, https:\/\/lawgr.eu\/wp-content\/uploads\/2020\/11\/prosopika-dedomena23-768x461.jpg 768w\" sizes=\"(max-width: 1110px) 100vw, 1110px\" \/>\t\t\t\t\t\t\t\t\t\t\t\t\t<\/div>\n\t\t\t\t<\/div>\n\t\t\t\t\t<\/div>\n\t\t<\/div>\n\t\t\t\t\t<\/div>\n\t\t<\/section>\n\t\t\t\t<section class=\"elementor-section elementor-top-section elementor-element elementor-element-8f3b6b7 elementor-reverse-tablet elementor-reverse-mobile elementor-section-boxed elementor-section-height-default elementor-section-height-default\" data-id=\"8f3b6b7\" data-element_type=\"section\" data-settings=\"{&quot;background_background&quot;:&quot;classic&quot;}\">\n\t\t\t\t\t\t\t<div class=\"elementor-background-overlay\"><\/div>\n\t\t\t\t\t\t\t<div class=\"elementor-container elementor-column-gap-default\">\n\t\t\t\t\t<div class=\"elementor-column elementor-col-100 elementor-top-column elementor-element elementor-element-777805e\" data-id=\"777805e\" data-element_type=\"column\" data-settings=\"{&quot;background_background&quot;:&quot;classic&quot;}\">\n\t\t\t<div class=\"elementor-widget-wrap elementor-element-populated\">\n\t\t\t\t\t<div class=\"elementor-background-overlay\"><\/div>\n\t\t\t\t\t\t<div class=\"elementor-element elementor-element-b223589 elementor-widget-divider--view-line elementor-widget elementor-widget-divider\" data-id=\"b223589\" data-element_type=\"widget\" data-widget_type=\"divider.default\">\n\t\t\t\t<div class=\"elementor-widget-container\">\n\t\t\t\t\t<div class=\"elementor-divider\">\n\t\t\t<span class=\"elementor-divider-separator\">\n\t\t\t\t\t\t<\/span>\n\t\t<\/div>\n\t\t\t\t<\/div>\n\t\t\t\t<\/div>\n\t\t\t\t<div class=\"elementor-element elementor-element-113f6f1 elementor-widget elementor-widget-text-editor\" data-id=\"113f6f1\" data-element_type=\"widget\" data-widget_type=\"text-editor.default\">\n\t\t\t\t<div class=\"elementor-widget-container\">\n\t\t\t\t\t\t\t<p>If you become aware that your personal information, photos, videos or any other personal information has been exploited by third parties for profit-making or illegal purposes, please contact us immediately. Our objective is with the appropriate moves to immediately remedy the infringement and quickly claim the compensation you are entitled to.<\/p><p>The diffusion of personal data on the internet not only limits your privacy, but can also put you in trouble, causing damage to your professional, social and even family life.<\/p><p>The rise in internet use in recent years has brought to the fore the issue of the protection of our personal data. Personal information such as name, address, contact numbers, are now everywhere on the internet and this is the least! If someone types his name in an internet search engine today, he will be surprised at the abundance but mainly with the kind of information he will find about him being available, at any time, to an unlimited number of people.<\/p><p>If after an investigation or by chance you find your personal data have been intercepted or transferred without your explicit consent, do not hesitate to contact us.<\/p><p>We can help you in case you find that:<\/p><ul><li>A fake account that does not belong to you but with your own personal information has been set up on Facebook, Twitter or other social media.<\/li><li>Your personal information such as name, e-mail address, etc. be in use by a third party unknown to you unauthorized person.<\/li><li>Photos or videos of you or your children appear publicly on the internet without your will and approval.<\/li><\/ul><p>\u00a0<\/p><p><strong>Our legal team responsibly and confidentially guides you to protect your personal data.<\/strong><\/p><p>\u00a0<\/p>\t\t\t\t\t\t<\/div>\n\t\t\t\t<\/div>\n\t\t\t\t<div class=\"elementor-element elementor-element-fa5c7ba elementor-widget-divider--view-line elementor-widget elementor-widget-divider\" data-id=\"fa5c7ba\" data-element_type=\"widget\" data-widget_type=\"divider.default\">\n\t\t\t\t<div class=\"elementor-widget-container\">\n\t\t\t\t\t<div class=\"elementor-divider\">\n\t\t\t<span class=\"elementor-divider-separator\">\n\t\t\t\t\t\t<\/span>\n\t\t<\/div>\n\t\t\t\t<\/div>\n\t\t\t\t<\/div>\n\t\t\t\t\t<\/div>\n\t\t<\/div>\n\t\t\t\t\t<\/div>\n\t\t<\/section>\n\t\t\t\t<section class=\"elementor-section elementor-top-section elementor-element elementor-element-88a6a23 elementor-section-boxed elementor-section-height-default elementor-section-height-default\" data-id=\"88a6a23\" data-element_type=\"section\" data-settings=\"{&quot;background_background&quot;:&quot;classic&quot;}\">\n\t\t\t\t\t\t\t<div class=\"elementor-background-overlay\"><\/div>\n\t\t\t\t\t\t\t<div class=\"elementor-container elementor-column-gap-default\">\n\t\t\t\t\t<div class=\"elementor-column elementor-col-100 elementor-top-column elementor-element elementor-element-ea01212\" data-id=\"ea01212\" data-element_type=\"column\">\n\t\t\t<div class=\"elementor-widget-wrap elementor-element-populated\">\n\t\t\t\t\t\t<div class=\"elementor-element elementor-element-ad8c1f9 elementor-widget__width-auto elementor-invisible elementor-widget elementor-widget-heading\" data-id=\"ad8c1f9\" data-element_type=\"widget\" data-settings=\"{&quot;_animation&quot;:&quot;fadeInUp&quot;}\" data-widget_type=\"heading.default\">\n\t\t\t\t<div class=\"elementor-widget-container\">\n\t\t\t<h2 class=\"elementor-heading-title elementor-size-default\">Ai nevoie de ajutor?<\/h2>\t\t<\/div>\n\t\t\t\t<\/div>\n\t\t\t\t<div class=\"elementor-element elementor-element-115baea elementor-widget-tablet__width-inherit animated-slow elementor-invisible elementor-widget elementor-widget-heading\" data-id=\"115baea\" data-element_type=\"widget\" data-settings=\"{&quot;_animation&quot;:&quot;fadeInUp&quot;,&quot;_animation_delay&quot;:1000}\" data-widget_type=\"heading.default\">\n\t\t\t\t<div class=\"elementor-widget-container\">\n\t\t\t<h2 class=\"elementor-heading-title elementor-size-default\"><span style=\"color: #ffffff95\">Eficient<\/span>\n<br>\nConsultan\u021b\u0103 juridic\u0103<\/h2>\t\t<\/div>\n\t\t\t\t<\/div>\n\t\t\t\t<div class=\"elementor-element elementor-element-7953138 elementor-widget elementor-widget-text-editor\" data-id=\"7953138\" data-element_type=\"widget\" data-widget_type=\"text-editor.default\">\n\t\t\t\t<div class=\"elementor-widget-container\">\n\t\t\t\t\t\t\t<div dir=\"auto\"><div dir=\"auto\">Experien\u021b\u0103, transparen\u021b\u0103 deplin\u0103 \u0219i dedicare pentru consultan\u021b\u0103 juridic\u0103 eficient\u0103 cu suport de exper\u021bi<\/div><\/div>\t\t\t\t\t\t<\/div>\n\t\t\t\t<\/div>\n\t\t\t\t<div class=\"elementor-element elementor-element-cc49eb4 elementor-widget__width-auto elementor-widget elementor-widget-button\" data-id=\"cc49eb4\" data-element_type=\"widget\" data-widget_type=\"button.default\">\n\t\t\t\t<div class=\"elementor-widget-container\">\n\t\t\t\t\t<div class=\"elementor-button-wrapper\">\n\t\t\t<a class=\"elementor-button elementor-button-link elementor-size-sm\" href=\"\/ro\/appointment\" target=\"_blank\">\n\t\t\t\t\t\t<span class=\"elementor-button-content-wrapper\">\n\t\t\t\t\t\t\t\t\t<span class=\"elementor-button-text\">Rezerv\u0103 o programare<\/span>\n\t\t\t\t\t<\/span>\n\t\t\t\t\t<\/a>\n\t\t<\/div>\n\t\t\t\t<\/div>\n\t\t\t\t<\/div>\n\t\t\t\t<div class=\"elementor-element elementor-element-d7cbdec elementor-widget__width-auto elementor-widget elementor-widget-button\" data-id=\"d7cbdec\" data-element_type=\"widget\" data-widget_type=\"button.default\">\n\t\t\t\t<div class=\"elementor-widget-container\">\n\t\t\t\t\t<div class=\"elementor-button-wrapper\">\n\t\t\t<a class=\"elementor-button elementor-button-link elementor-size-sm\" href=\"\/ro\/contact\" target=\"_blank\">\n\t\t\t\t\t\t<span class=\"elementor-button-content-wrapper\">\n\t\t\t\t\t\t\t\t\t<span class=\"elementor-button-text\">Trimite-ne un Mesaj<\/span>\n\t\t\t\t\t<\/span>\n\t\t\t\t\t<\/a>\n\t\t<\/div>\n\t\t\t\t<\/div>\n\t\t\t\t<\/div>\n\t\t\t\t\t<\/div>\n\t\t<\/div>\n\t\t\t\t\t<\/div>\n\t\t<\/section>\n\t\t\t\t<\/div>\n\t\t","protected":false},"excerpt":{"rendered":"<p>PERSONAL INFORMATION If you become aware that your personal information, photos, videos or any other personal information has been exploited by third parties for profit-making or illegal purposes, please contact us immediately. Our objective is with the appropriate moves to immediately remedy the infringement and quickly claim the compensation you are entitled to. The diffusion [&hellip;]<\/p>\n","protected":false},"author":5,"featured_media":0,"parent":18832,"menu_order":0,"comment_status":"closed","ping_status":"closed","template":"elementor_header_footer","meta":{"inline_featured_image":false,"footnotes":""},"class_list":["post-18661","page","type-page","status-publish","hentry"],"_links":{"self":[{"href":"https:\/\/lawgr.eu\/en\/wp-json\/wp\/v2\/pages\/18661","targetHints":{"allow":["GET"]}}],"collection":[{"href":"https:\/\/lawgr.eu\/en\/wp-json\/wp\/v2\/pages"}],"about":[{"href":"https:\/\/lawgr.eu\/en\/wp-json\/wp\/v2\/types\/page"}],"author":[{"embeddable":true,"href":"https:\/\/lawgr.eu\/en\/wp-json\/wp\/v2\/users\/5"}],"replies":[{"embeddable":true,"href":"https:\/\/lawgr.eu\/en\/wp-json\/wp\/v2\/comments?post=18661"}],"version-history":[{"count":10,"href":"https:\/\/lawgr.eu\/en\/wp-json\/wp\/v2\/pages\/18661\/revisions"}],"predecessor-version":[{"id":19345,"href":"https:\/\/lawgr.eu\/en\/wp-json\/wp\/v2\/pages\/18661\/revisions\/19345"}],"up":[{"embeddable":true,"href":"https:\/\/lawgr.eu\/en\/wp-json\/wp\/v2\/pages\/18832"}],"wp:attachment":[{"href":"https:\/\/lawgr.eu\/en\/wp-json\/wp\/v2\/media?parent=18661"}],"curies":[{"name":"wp","href":"https:\/\/api.w.org\/{rel}","templated":true}]}}