{"id":18770,"date":"2024-04-15T13:14:38","date_gmt":"2024-04-15T10:14:38","guid":{"rendered":"https:\/\/lawgr.eu\/oikogeneiako-dikaio\/"},"modified":"2025-04-28T16:09:49","modified_gmt":"2025-04-28T13:09:49","slug":"oikogeneiako-dikaio","status":"publish","type":"page","link":"https:\/\/lawgr.eu\/ro\/tomeis-ekseidikeusis\/oikogeneiako-dikaio\/","title":{"rendered":"DREPT FAMILIEI"},"content":{"rendered":"\t\t<div data-elementor-type=\"wp-page\" data-elementor-id=\"18770\" class=\"elementor elementor-18770 elementor-16860\" data-elementor-post-type=\"page\">\n\t\t\t\t\t\t<section class=\"elementor-section elementor-top-section elementor-element elementor-element-e44c7a3 elementor-section-full_width elementor-section-height-min-height elementor-section-height-default elementor-section-items-middle\" data-id=\"e44c7a3\" data-element_type=\"section\" data-settings=\"{&quot;background_background&quot;:&quot;classic&quot;}\">\n\t\t\t\t\t\t\t<div class=\"elementor-background-overlay\"><\/div>\n\t\t\t\t\t\t\t<div class=\"elementor-container elementor-column-gap-default\">\n\t\t\t\t\t<div class=\"elementor-column elementor-col-100 elementor-top-column elementor-element elementor-element-8c5ba25\" data-id=\"8c5ba25\" data-element_type=\"column\">\n\t\t\t<div class=\"elementor-widget-wrap\">\n\t\t\t\t\t\t\t<\/div>\n\t\t<\/div>\n\t\t\t\t\t<\/div>\n\t\t<\/section>\n\t\t\t\t<section class=\"elementor-section elementor-top-section elementor-element elementor-element-85df167 elementor-reverse-tablet elementor-reverse-mobile elementor-section-boxed elementor-section-height-default elementor-section-height-default\" data-id=\"85df167\" data-element_type=\"section\" data-settings=\"{&quot;background_background&quot;:&quot;classic&quot;}\">\n\t\t\t\t\t\t\t<div class=\"elementor-background-overlay\"><\/div>\n\t\t\t\t\t\t\t<div class=\"elementor-container elementor-column-gap-default\">\n\t\t\t\t\t<div class=\"elementor-column elementor-col-50 elementor-top-column elementor-element elementor-element-755d8fa animated-slow elementor-invisible\" data-id=\"755d8fa\" data-element_type=\"column\" data-settings=\"{&quot;animation&quot;:&quot;fadeInUp&quot;,&quot;background_background&quot;:&quot;classic&quot;}\">\n\t\t\t<div class=\"elementor-widget-wrap elementor-element-populated\">\n\t\t\t\t\t<div class=\"elementor-background-overlay\"><\/div>\n\t\t\t\t\t\t<div class=\"elementor-element elementor-element-125b9bc elementor-widget-divider--view-line elementor-widget elementor-widget-divider\" data-id=\"125b9bc\" data-element_type=\"widget\" data-widget_type=\"divider.default\">\n\t\t\t\t<div class=\"elementor-widget-container\">\n\t\t\t\t\t<div class=\"elementor-divider\">\n\t\t\t<span class=\"elementor-divider-separator\">\n\t\t\t\t\t\t<\/span>\n\t\t<\/div>\n\t\t\t\t<\/div>\n\t\t\t\t<\/div>\n\t\t\t\t<div class=\"elementor-element elementor-element-17b5dce elementor-widget elementor-widget-heading\" data-id=\"17b5dce\" data-element_type=\"widget\" data-widget_type=\"heading.default\">\n\t\t\t\t<div class=\"elementor-widget-container\">\n\t\t\t<h2 class=\"elementor-heading-title elementor-size-default\">DREPTUL FAMILIEI<\/h2>\t\t<\/div>\n\t\t\t\t<\/div>\n\t\t\t\t\t<\/div>\n\t\t<\/div>\n\t\t\t\t<div class=\"elementor-column elementor-col-50 elementor-top-column elementor-element elementor-element-42130a8\" data-id=\"42130a8\" data-element_type=\"column\">\n\t\t\t<div class=\"elementor-widget-wrap elementor-element-populated\">\n\t\t\t\t\t\t<div class=\"elementor-element elementor-element-287f02f elementor-widget elementor-widget-image\" data-id=\"287f02f\" data-element_type=\"widget\" data-widget_type=\"image.default\">\n\t\t\t\t<div class=\"elementor-widget-container\">\n\t\t\t\t\t\t\t\t\t\t\t\t\t<img fetchpriority=\"high\" decoding=\"async\" width=\"1000\" height=\"665\" src=\"https:\/\/lawgr.eu\/wp-content\/uploads\/2021\/03\/oikogeneiako-dikaio.jpg\" class=\"attachment-full size-full wp-image-16659\" alt=\"\" srcset=\"https:\/\/lawgr.eu\/wp-content\/uploads\/2021\/03\/oikogeneiako-dikaio.jpg 1000w, https:\/\/lawgr.eu\/wp-content\/uploads\/2021\/03\/oikogeneiako-dikaio-300x200.jpg 300w, https:\/\/lawgr.eu\/wp-content\/uploads\/2021\/03\/oikogeneiako-dikaio-768x511.jpg 768w\" sizes=\"(max-width: 1000px) 100vw, 1000px\" \/>\t\t\t\t\t\t\t\t\t\t\t\t\t<\/div>\n\t\t\t\t<\/div>\n\t\t\t\t\t<\/div>\n\t\t<\/div>\n\t\t\t\t\t<\/div>\n\t\t<\/section>\n\t\t\t\t<section class=\"elementor-section elementor-top-section elementor-element elementor-element-02d6e02 elementor-reverse-tablet elementor-reverse-mobile elementor-section-boxed elementor-section-height-default elementor-section-height-default\" data-id=\"02d6e02\" data-element_type=\"section\" data-settings=\"{&quot;background_background&quot;:&quot;classic&quot;}\">\n\t\t\t\t\t\t\t<div class=\"elementor-background-overlay\"><\/div>\n\t\t\t\t\t\t\t<div class=\"elementor-container elementor-column-gap-default\">\n\t\t\t\t\t<div class=\"elementor-column elementor-col-100 elementor-top-column elementor-element elementor-element-6d7275a\" data-id=\"6d7275a\" data-element_type=\"column\" data-settings=\"{&quot;background_background&quot;:&quot;classic&quot;}\">\n\t\t\t<div class=\"elementor-widget-wrap elementor-element-populated\">\n\t\t\t\t\t<div class=\"elementor-background-overlay\"><\/div>\n\t\t\t\t\t\t<div class=\"elementor-element elementor-element-ec182f0 elementor-widget-divider--view-line elementor-widget elementor-widget-divider\" data-id=\"ec182f0\" data-element_type=\"widget\" data-widget_type=\"divider.default\">\n\t\t\t\t<div class=\"elementor-widget-container\">\n\t\t\t\t\t<div class=\"elementor-divider\">\n\t\t\t<span class=\"elementor-divider-separator\">\n\t\t\t\t\t\t<\/span>\n\t\t<\/div>\n\t\t\t\t<\/div>\n\t\t\t\t<\/div>\n\t\t\t\t<div class=\"elementor-element elementor-element-55328e4 elementor-widget elementor-widget-text-editor\" data-id=\"55328e4\" data-element_type=\"widget\" data-widget_type=\"text-editor.default\">\n\t\t\t\t<div class=\"elementor-widget-container\">\n\t\t\t\t\t\t\t<p><b>Divor\u0163uri<\/b><\/p><p>Biroul nostru de avocatur\u0103 se ocup\u0103 de divor\u021buri, at\u00e2t prin acord, c\u00e2t \u0219i \u00een instan\u021b\u0103. Oferim consultan\u021b\u0103 juridic\u0103 de \u00eencredere \u0219i sprijin \u00een probleme legate de autoritatea p\u0103rinteasc\u0103, contribu\u021bia la cheltuielile pentru cre\u0219terea \u0219i educarea copiilor, precum \u0219i partajul bunurilor dob\u00e2ndite \u00een timpul c\u0103s\u0103toriei.<\/p><p><b>Cazuri de \u00eentre\u021binere<\/b><\/p><p><span style=\"font-weight: 400;\">Asigur aplicarea corect\u0103 a Legii privind \u00eentre\u021binerea copilului \u0219i a fo\u0219tilor so\u021bi, cu accent pe protejarea intereselor copiilor.<\/span><\/p><p><b>Incredin\u021barea copilului \u0219i dreptul de vizit\u0103<\/b><\/p><p><span style=\"font-weight: 400;\">Biroul nostru sprijin\u0103 p\u0103rin\u021bii \u00een materie de custodie \u0219i contact cu copiii, \u00eencerc\u00e2nd \u00eentotdeauna s\u0103 asigure interesul superior al copilului.<\/span><\/p><p><b>Ne ocup\u0103m de alte cazuri \u2013 litigii de dreptul familiei dup\u0103 cum urmeaz\u0103:<\/b><\/p><p><span style=\"font-weight: 400;\">Rudenie, c\u0103s\u0103torie, parteneriat civil \u0219i uniune liber\u0103, institu\u021bii alternative ale familiei, tutel\u0103, familie adoptiv\u0103, asisten\u021b\u0103 juridic\u0103 \u0219i custodie.<\/span><span style=\"font-weight: 400;\"><br \/><\/span><span style=\"font-weight: 400;\"><br \/><\/span><span style=\"font-weight: 400;\">Rudenia include, printre altele, inseminarea artificial\u0103, maternitatea, paternitatea, adop\u021bia, r\u0103spunderea p\u0103rinteasc\u0103, gestionarea activelor (litigii patrimoniale), drepturile bunicilor, medierea \u0219i consilierea \u00een litigiile familiale.<\/span><\/p><p><span style=\"font-weight: 400;\">C\u0103s\u0103toria ilegal\u0103, rela\u021biile personale \u0219i patrimoniale ale so\u021bilor, separarea, divor\u021bul, parteneriate civile, rolul modern al familiei.<\/span><\/p><p><span style=\"font-weight: 400;\">Avem mul\u021bi ani de experien\u021b\u0103 \u00een rezolvarea conflictelor familiale complexe.<\/span><span style=\"font-weight: 400;\"><br \/><\/span><span style=\"font-weight: 400;\">Solu\u021bii personalizate \u0219i gestionarea situa\u021biilor sensibile.<\/span><span style=\"font-weight: 400;\"><br \/><\/span><span style=\"font-weight: 400;\">Informare continu\u0103 \u0219i actualizare a legislatiei.<\/span><span style=\"font-weight: 400;\"><br \/><\/span><span style=\"font-weight: 400;\">Ne angaj\u0103m s\u0103 oferim solu\u021bii juridice specializate cu aten\u021bie, profesionalism \u0219i discre\u021bie.<\/span><\/p>\t\t\t\t\t\t<\/div>\n\t\t\t\t<\/div>\n\t\t\t\t<div class=\"elementor-element elementor-element-62e1085 elementor-widget-divider--view-line elementor-widget elementor-widget-divider\" data-id=\"62e1085\" data-element_type=\"widget\" data-widget_type=\"divider.default\">\n\t\t\t\t<div class=\"elementor-widget-container\">\n\t\t\t\t\t<div class=\"elementor-divider\">\n\t\t\t<span class=\"elementor-divider-separator\">\n\t\t\t\t\t\t<\/span>\n\t\t<\/div>\n\t\t\t\t<\/div>\n\t\t\t\t<\/div>\n\t\t\t\t\t<\/div>\n\t\t<\/div>\n\t\t\t\t\t<\/div>\n\t\t<\/section>\n\t\t\t\t<section class=\"elementor-section elementor-top-section elementor-element elementor-element-c0a9020 elementor-section-boxed elementor-section-height-default elementor-section-height-default\" data-id=\"c0a9020\" data-element_type=\"section\" data-settings=\"{&quot;background_background&quot;:&quot;classic&quot;}\">\n\t\t\t\t\t\t\t<div class=\"elementor-background-overlay\"><\/div>\n\t\t\t\t\t\t\t<div class=\"elementor-container elementor-column-gap-default\">\n\t\t\t\t\t<div class=\"elementor-column elementor-col-100 elementor-top-column elementor-element elementor-element-b1d7c00\" data-id=\"b1d7c00\" data-element_type=\"column\">\n\t\t\t<div class=\"elementor-widget-wrap elementor-element-populated\">\n\t\t\t\t\t\t<div class=\"elementor-element elementor-element-7a25fc1 elementor-widget__width-auto elementor-invisible elementor-widget elementor-widget-heading\" data-id=\"7a25fc1\" data-element_type=\"widget\" data-settings=\"{&quot;_animation&quot;:&quot;fadeInUp&quot;}\" data-widget_type=\"heading.default\">\n\t\t\t\t<div class=\"elementor-widget-container\">\n\t\t\t<h2 class=\"elementor-heading-title elementor-size-default\">Ai nevoie de ajutor?<\/h2>\t\t<\/div>\n\t\t\t\t<\/div>\n\t\t\t\t<div class=\"elementor-element elementor-element-5745d93 elementor-widget-tablet__width-inherit animated-slow elementor-invisible elementor-widget elementor-widget-heading\" data-id=\"5745d93\" data-element_type=\"widget\" data-settings=\"{&quot;_animation&quot;:&quot;fadeInUp&quot;,&quot;_animation_delay&quot;:1000}\" data-widget_type=\"heading.default\">\n\t\t\t\t<div class=\"elementor-widget-container\">\n\t\t\t<h2 class=\"elementor-heading-title elementor-size-default\"><span style=\"color: #ffffff95\">Eficient<\/span>\n<br>\nConsultan\u021b\u0103 juridic\u0103<\/h2>\t\t<\/div>\n\t\t\t\t<\/div>\n\t\t\t\t<div class=\"elementor-element elementor-element-1f9fec6 elementor-widget elementor-widget-text-editor\" data-id=\"1f9fec6\" data-element_type=\"widget\" data-widget_type=\"text-editor.default\">\n\t\t\t\t<div class=\"elementor-widget-container\">\n\t\t\t\t\t\t\t<div dir=\"auto\"><div dir=\"auto\">Experien\u021b\u0103, transparen\u021b\u0103 deplin\u0103 \u0219i dedicare pentru consultan\u021b\u0103 juridic\u0103 eficient\u0103 cu suport de exper\u021bi<\/div><\/div>\t\t\t\t\t\t<\/div>\n\t\t\t\t<\/div>\n\t\t\t\t<div class=\"elementor-element elementor-element-48113e0 elementor-widget__width-auto elementor-widget elementor-widget-button\" data-id=\"48113e0\" data-element_type=\"widget\" data-widget_type=\"button.default\">\n\t\t\t\t<div class=\"elementor-widget-container\">\n\t\t\t\t\t<div class=\"elementor-button-wrapper\">\n\t\t\t<a class=\"elementor-button elementor-button-link elementor-size-sm\" href=\"\/ro\/appointment\" target=\"_blank\">\n\t\t\t\t\t\t<span class=\"elementor-button-content-wrapper\">\n\t\t\t\t\t\t\t\t\t<span class=\"elementor-button-text\">Rezerv\u0103 o programare<\/span>\n\t\t\t\t\t<\/span>\n\t\t\t\t\t<\/a>\n\t\t<\/div>\n\t\t\t\t<\/div>\n\t\t\t\t<\/div>\n\t\t\t\t<div class=\"elementor-element elementor-element-213202e elementor-widget__width-auto elementor-widget elementor-widget-button\" data-id=\"213202e\" data-element_type=\"widget\" data-widget_type=\"button.default\">\n\t\t\t\t<div class=\"elementor-widget-container\">\n\t\t\t\t\t<div class=\"elementor-button-wrapper\">\n\t\t\t<a class=\"elementor-button elementor-button-link elementor-size-sm\" href=\"\/ro\/contact\" target=\"_blank\">\n\t\t\t\t\t\t<span class=\"elementor-button-content-wrapper\">\n\t\t\t\t\t\t\t\t\t<span class=\"elementor-button-text\">Trimite-ne un Mesaj<\/span>\n\t\t\t\t\t<\/span>\n\t\t\t\t\t<\/a>\n\t\t<\/div>\n\t\t\t\t<\/div>\n\t\t\t\t<\/div>\n\t\t\t\t\t<\/div>\n\t\t<\/div>\n\t\t\t\t\t<\/div>\n\t\t<\/section>\n\t\t\t\t<\/div>\n\t\t","protected":false},"excerpt":{"rendered":"<p>DREPTUL FAMILIEI Divor\u0163uri Biroul nostru de avocatur\u0103 se ocup\u0103 de divor\u021buri, at\u00e2t prin acord, c\u00e2t \u0219i \u00een instan\u021b\u0103. Oferim consultan\u021b\u0103 juridic\u0103 de \u00eencredere \u0219i sprijin \u00een probleme legate de autoritatea p\u0103rinteasc\u0103, contribu\u021bia la cheltuielile pentru cre\u0219terea \u0219i educarea copiilor, precum \u0219i partajul bunurilor dob\u00e2ndite \u00een timpul c\u0103s\u0103toriei. Cazuri de \u00eentre\u021binere Asigur aplicarea corect\u0103 a Legii [&hellip;]<\/p>\n","protected":false},"author":5,"featured_media":0,"parent":18837,"menu_order":0,"comment_status":"closed","ping_status":"closed","template":"elementor_header_footer","meta":{"inline_featured_image":false,"footnotes":""},"class_list":["post-18770","page","type-page","status-publish","hentry"],"_links":{"self":[{"href":"https:\/\/lawgr.eu\/ro\/wp-json\/wp\/v2\/pages\/18770","targetHints":{"allow":["GET"]}}],"collection":[{"href":"https:\/\/lawgr.eu\/ro\/wp-json\/wp\/v2\/pages"}],"about":[{"href":"https:\/\/lawgr.eu\/ro\/wp-json\/wp\/v2\/types\/page"}],"author":[{"embeddable":true,"href":"https:\/\/lawgr.eu\/ro\/wp-json\/wp\/v2\/users\/5"}],"replies":[{"embeddable":true,"href":"https:\/\/lawgr.eu\/ro\/wp-json\/wp\/v2\/comments?post=18770"}],"version-history":[{"count":29,"href":"https:\/\/lawgr.eu\/ro\/wp-json\/wp\/v2\/pages\/18770\/revisions"}],"predecessor-version":[{"id":19448,"href":"https:\/\/lawgr.eu\/ro\/wp-json\/wp\/v2\/pages\/18770\/revisions\/19448"}],"up":[{"embeddable":true,"href":"https:\/\/lawgr.eu\/ro\/wp-json\/wp\/v2\/pages\/18837"}],"wp:attachment":[{"href":"https:\/\/lawgr.eu\/ro\/wp-json\/wp\/v2\/media?parent=18770"}],"curies":[{"name":"wp","href":"https:\/\/api.w.org\/{rel}","templated":true}]}}