{"id":18813,"date":"2024-04-15T10:55:40","date_gmt":"2024-04-15T07:55:40","guid":{"rendered":"https:\/\/lawgr.eu\/blog\/"},"modified":"2024-11-21T12:18:58","modified_gmt":"2024-11-21T10:18:58","slug":"blog","status":"publish","type":"page","link":"https:\/\/lawgr.eu\/ro\/blog\/","title":{"rendered":"Blog"},"content":{"rendered":"\t\t<div data-elementor-type=\"wp-page\" data-elementor-id=\"18813\" class=\"elementor elementor-18813 elementor-16680\" data-elementor-post-type=\"page\">\n\t\t\t\t\t\t<section class=\"elementor-section elementor-top-section elementor-element elementor-element-7c7aa05 elementor-section-full_width elementor-section-height-min-height elementor-section-height-default elementor-section-items-middle\" data-id=\"7c7aa05\" data-element_type=\"section\" data-settings=\"{&quot;background_background&quot;:&quot;classic&quot;}\">\n\t\t\t\t\t\t\t<div class=\"elementor-background-overlay\"><\/div>\n\t\t\t\t\t\t\t<div class=\"elementor-container elementor-column-gap-default\">\n\t\t\t\t\t<div class=\"elementor-column elementor-col-100 elementor-top-column elementor-element elementor-element-2c42249\" data-id=\"2c42249\" data-element_type=\"column\">\n\t\t\t<div class=\"elementor-widget-wrap elementor-element-populated\">\n\t\t\t\t\t\t<div class=\"elementor-element elementor-element-081d1eb elementor-widget elementor-widget-heading\" data-id=\"081d1eb\" data-element_type=\"widget\" data-widget_type=\"heading.default\">\n\t\t\t\t<div class=\"elementor-widget-container\">\n\t\t\t<h2 class=\"elementor-heading-title elementor-size-default\">BLOG<\/h2>\t\t<\/div>\n\t\t\t\t<\/div>\n\t\t\t\t\t<\/div>\n\t\t<\/div>\n\t\t\t\t\t<\/div>\n\t\t<\/section>\n\t\t\t\t<section class=\"elementor-section elementor-top-section elementor-element elementor-element-f9a6973 elementor-reverse-tablet elementor-reverse-mobile elementor-section-boxed elementor-section-height-default elementor-section-height-default\" data-id=\"f9a6973\" data-element_type=\"section\" data-settings=\"{&quot;background_background&quot;:&quot;classic&quot;}\">\n\t\t\t\t\t\t\t<div class=\"elementor-background-overlay\"><\/div>\n\t\t\t\t\t\t\t<div class=\"elementor-container elementor-column-gap-default\">\n\t\t\t\t\t<div class=\"elementor-column elementor-col-100 elementor-top-column elementor-element elementor-element-374ede2\" data-id=\"374ede2\" data-element_type=\"column\" data-settings=\"{&quot;background_background&quot;:&quot;classic&quot;}\">\n\t\t\t<div class=\"elementor-widget-wrap elementor-element-populated\">\n\t\t\t\t\t<div class=\"elementor-background-overlay\"><\/div>\n\t\t\t\t\t\t<div class=\"elementor-element elementor-element-5a0c292 elementor-widget-divider--view-line elementor-widget elementor-widget-divider\" data-id=\"5a0c292\" data-element_type=\"widget\" data-widget_type=\"divider.default\">\n\t\t\t\t<div class=\"elementor-widget-container\">\n\t\t\t\t\t<div class=\"elementor-divider\">\n\t\t\t<span class=\"elementor-divider-separator\">\n\t\t\t\t\t\t<\/span>\n\t\t<\/div>\n\t\t\t\t<\/div>\n\t\t\t\t<\/div>\n\t\t\t\t<div class=\"elementor-element elementor-element-5b45866 elementor-invisible elementor-widget elementor-widget-heading\" data-id=\"5b45866\" data-element_type=\"widget\" data-settings=\"{&quot;_animation&quot;:&quot;fadeInUp&quot;}\" data-widget_type=\"heading.default\">\n\t\t\t\t<div class=\"elementor-widget-container\">\n\t\t\t<h2 class=\"elementor-heading-title elementor-size-default\">\u0218tiri \u0219i actualiz\u0103ri<\/h2>\t\t<\/div>\n\t\t\t\t<\/div>\n\t\t\t\t<div class=\"elementor-element elementor-element-2804225 elementor-widget elementor-widget-heading\" data-id=\"2804225\" data-element_type=\"widget\" data-widget_type=\"heading.default\">\n\t\t\t\t<div class=\"elementor-widget-container\">\n\t\t\t<h2 class=\"elementor-heading-title elementor-size-default\">Fii primul care afl\u0103 despre evolu\u021biile \u00een problemele care te privesc!<\/h2>\t\t<\/div>\n\t\t\t\t<\/div>\n\t\t\t\t\t<\/div>\n\t\t<\/div>\n\t\t\t\t\t<\/div>\n\t\t<\/section>\n\t\t\t\t<section class=\"elementor-section elementor-top-section elementor-element elementor-element-0b348c0 elementor-reverse-tablet elementor-reverse-mobile elementor-section-boxed elementor-section-height-default elementor-section-height-default\" data-id=\"0b348c0\" data-element_type=\"section\" data-settings=\"{&quot;background_background&quot;:&quot;classic&quot;}\">\n\t\t\t\t\t\t\t<div class=\"elementor-background-overlay\"><\/div>\n\t\t\t\t\t\t\t<div class=\"elementor-container elementor-column-gap-default\">\n\t\t\t\t\t<div class=\"elementor-column elementor-col-100 elementor-top-column elementor-element elementor-element-ad4d976\" data-id=\"ad4d976\" data-element_type=\"column\" data-settings=\"{&quot;background_background&quot;:&quot;classic&quot;}\">\n\t\t\t<div class=\"elementor-widget-wrap elementor-element-populated\">\n\t\t\t\t\t<div class=\"elementor-background-overlay\"><\/div>\n\t\t\t\t\t\t<section class=\"elementor-section elementor-inner-section elementor-element elementor-element-0eece6d elementor-section-boxed elementor-section-height-default elementor-section-height-default\" data-id=\"0eece6d\" data-element_type=\"section\">\n\t\t\t\t\t\t<div class=\"elementor-container elementor-column-gap-default\">\n\t\t\t\t\t<div class=\"elementor-column elementor-col-100 elementor-inner-column elementor-element elementor-element-d91cf2f\" data-id=\"d91cf2f\" data-element_type=\"column\">\n\t\t\t<div class=\"elementor-widget-wrap elementor-element-populated\">\n\t\t\t\t\t\t<div class=\"elementor-element elementor-element-50c67f0 elementor-grid-3 elementor-grid-tablet-2 elementor-grid-mobile-1 elementor-posts--thumbnail-top elementor-card-shadow-yes elementor-posts__hover-gradient elementor-widget elementor-widget-posts\" data-id=\"50c67f0\" data-element_type=\"widget\" data-settings=\"{&quot;pagination_type&quot;:&quot;load_more_infinite_scroll&quot;,&quot;cards_columns&quot;:&quot;3&quot;,&quot;cards_columns_tablet&quot;:&quot;2&quot;,&quot;cards_columns_mobile&quot;:&quot;1&quot;,&quot;cards_row_gap&quot;:{&quot;unit&quot;:&quot;px&quot;,&quot;size&quot;:35,&quot;sizes&quot;:[]},&quot;cards_row_gap_tablet&quot;:{&quot;unit&quot;:&quot;px&quot;,&quot;size&quot;:&quot;&quot;,&quot;sizes&quot;:[]},&quot;cards_row_gap_mobile&quot;:{&quot;unit&quot;:&quot;px&quot;,&quot;size&quot;:&quot;&quot;,&quot;sizes&quot;:[]},&quot;load_more_spinner&quot;:{&quot;value&quot;:&quot;fas fa-spinner&quot;,&quot;library&quot;:&quot;fa-solid&quot;}}\" data-widget_type=\"posts.cards\">\n\t\t\t\t<div class=\"elementor-widget-container\">\n\t\t\t\t\t<div class=\"elementor-posts-container elementor-posts elementor-posts--skin-cards elementor-grid\">\n\t\t\t\t<article class=\"elementor-post elementor-grid-item post-19520 post type-post status-publish format-standard has-post-thumbnail hentry category-blog\">\n\t\t\t<div class=\"elementor-post__card\">\n\t\t\t\t<a class=\"elementor-post__thumbnail__link\" href=\"https:\/\/lawgr.eu\/ro\/cumpararea-unui-imobil-prin-licitatie-executare-silita-capcane-si-riscuri\/\" tabindex=\"-1\" ><div class=\"elementor-post__thumbnail\"><img fetchpriority=\"high\" decoding=\"async\" width=\"627\" height=\"419\" src=\"https:\/\/lawgr.eu\/wp-content\/uploads\/2025\/07\/iStock-1864127079-1.jpg\" class=\"attachment-full size-full wp-image-19521\" alt=\"\" srcset=\"https:\/\/lawgr.eu\/wp-content\/uploads\/2025\/07\/iStock-1864127079-1.jpg 627w, https:\/\/lawgr.eu\/wp-content\/uploads\/2025\/07\/iStock-1864127079-1-300x200.jpg 300w\" sizes=\"(max-width: 627px) 100vw, 627px\" \/><\/div><\/a>\n\t\t\t\t<div class=\"elementor-post__badge\">Blog<\/div>\n\t\t\t\t<div class=\"elementor-post__text\">\n\t\t\t\t<h3 class=\"elementor-post__title\">\n\t\t\t<a href=\"https:\/\/lawgr.eu\/ro\/cumpararea-unui-imobil-prin-licitatie-executare-silita-capcane-si-riscuri\/\" >\n\t\t\t\tCump\u0103rarea unui imobil prin licita\u021bie &#8211; executare silit\u0103: Capcane \u0219i riscuri\t\t\t<\/a>\n\t\t<\/h3>\n\t\t\t\t<div class=\"elementor-post__excerpt\">\n\t\t\t<p>Acest articol eviden\u021biaz\u0103 riscurile juridice \u0219i principalele practici implicate \u00een achizi\u021bionarea unui bun imobiliar prin procedura de executare silit\u0103, \u00een ciuda transparen\u021bei introduse de sistemul electronic de licita\u021bie. De\u0219i pre\u021bul<\/p>\n\t\t<\/div>\n\t\t\t\t\t<div class=\"elementor-post__read-more-wrapper\">\n\t\t\n\t\t<a class=\"elementor-post__read-more\" href=\"https:\/\/lawgr.eu\/ro\/cumpararea-unui-imobil-prin-licitatie-executare-silita-capcane-si-riscuri\/\" aria-label=\"Read more about Cump\u0103rarea unui imobil prin licita\u021bie &#8211; executare silit\u0103: Capcane \u0219i riscuri\" tabindex=\"-1\" >\n\t\t\t\u0394\u0399\u0391\u0392\u0391\u03a3\u0395 \u03a0\u0395\u03a1\u0399\u03a3\u03a3\u039f\u03a4\u0395\u03a1\u0391\t\t<\/a>\n\n\t\t\t\t\t<\/div>\n\t\t\t\t<\/div>\n\t\t\t\t\t<\/div>\n\t\t<\/article>\n\t\t\t\t<article class=\"elementor-post elementor-grid-item post-19511 post type-post status-publish format-standard has-post-thumbnail hentry category-blog\">\n\t\t\t<div class=\"elementor-post__card\">\n\t\t\t\t<a class=\"elementor-post__thumbnail__link\" href=\"https:\/\/lawgr.eu\/ro\/ce-trebuie-sa-faci-cand-vrei-sa-cumperi-o-casa-in-grecia\/\" tabindex=\"-1\" ><div class=\"elementor-post__thumbnail\"><img decoding=\"async\" width=\"1000\" height=\"750\" src=\"https:\/\/lawgr.eu\/wp-content\/uploads\/2025\/07\/iStock-1193955352.jpg\" class=\"attachment-full size-full wp-image-19513\" alt=\"\" srcset=\"https:\/\/lawgr.eu\/wp-content\/uploads\/2025\/07\/iStock-1193955352.jpg 1000w, https:\/\/lawgr.eu\/wp-content\/uploads\/2025\/07\/iStock-1193955352-300x225.jpg 300w, https:\/\/lawgr.eu\/wp-content\/uploads\/2025\/07\/iStock-1193955352-768x576.jpg 768w\" sizes=\"(max-width: 1000px) 100vw, 1000px\" \/><\/div><\/a>\n\t\t\t\t<div class=\"elementor-post__badge\">Blog<\/div>\n\t\t\t\t<div class=\"elementor-post__text\">\n\t\t\t\t<h3 class=\"elementor-post__title\">\n\t\t\t<a href=\"https:\/\/lawgr.eu\/ro\/ce-trebuie-sa-faci-cand-vrei-sa-cumperi-o-casa-in-grecia\/\" >\n\t\t\t\tCe trebuie s\u0103 faci c\u00e2nd vrei s\u0103 cumperi o cas\u0103 \u00een Grecia?\t\t\t<\/a>\n\t\t<\/h3>\n\t\t\t\t<div class=\"elementor-post__excerpt\">\n\t\t\t<p>Obligatoriu trebuie ob\u021binut acest num\u0103r de \u00eenregistrare fiscal\u0103 (AFM). Aten\u021bie! Dac\u0103 nu sunte\u021bi rezident trebuie solicitat ca \u0219i nerezident. Ve\u021bi avea un reprezentant fiscal (o persoan\u0103 de \u00eencredere,avocat, contabil deoarece<\/p>\n\t\t<\/div>\n\t\t\t\t\t<div class=\"elementor-post__read-more-wrapper\">\n\t\t\n\t\t<a class=\"elementor-post__read-more\" href=\"https:\/\/lawgr.eu\/ro\/ce-trebuie-sa-faci-cand-vrei-sa-cumperi-o-casa-in-grecia\/\" aria-label=\"Read more about Ce trebuie s\u0103 faci c\u00e2nd vrei s\u0103 cumperi o cas\u0103 \u00een Grecia?\" tabindex=\"-1\" >\n\t\t\t\u0394\u0399\u0391\u0392\u0391\u03a3\u0395 \u03a0\u0395\u03a1\u0399\u03a3\u03a3\u039f\u03a4\u0395\u03a1\u0391\t\t<\/a>\n\n\t\t\t\t\t<\/div>\n\t\t\t\t<\/div>\n\t\t\t\t\t<\/div>\n\t\t<\/article>\n\t\t\t\t<article class=\"elementor-post elementor-grid-item post-19498 post type-post status-publish format-standard has-post-thumbnail hentry category-blog\">\n\t\t\t<div class=\"elementor-post__card\">\n\t\t\t\t<a class=\"elementor-post__thumbnail__link\" href=\"https:\/\/lawgr.eu\/ro\/casatoriile-intre-greci-si-romance-dragoste-la-malul-egeei-si-acte-pana-n-varful-olimpului\/\" tabindex=\"-1\" ><div class=\"elementor-post__thumbnail\"><img decoding=\"async\" width=\"627\" height=\"418\" src=\"https:\/\/lawgr.eu\/wp-content\/uploads\/2025\/07\/iStock-1473165509-1.jpg\" class=\"attachment-full size-full wp-image-19500\" alt=\"\" srcset=\"https:\/\/lawgr.eu\/wp-content\/uploads\/2025\/07\/iStock-1473165509-1.jpg 627w, https:\/\/lawgr.eu\/wp-content\/uploads\/2025\/07\/iStock-1473165509-1-300x200.jpg 300w\" sizes=\"(max-width: 627px) 100vw, 627px\" \/><\/div><\/a>\n\t\t\t\t<div class=\"elementor-post__badge\">Blog<\/div>\n\t\t\t\t<div class=\"elementor-post__text\">\n\t\t\t\t<h3 class=\"elementor-post__title\">\n\t\t\t<a href=\"https:\/\/lawgr.eu\/ro\/casatoriile-intre-greci-si-romance-dragoste-la-malul-egeei-si-acte-pana-n-varful-olimpului\/\" >\n\t\t\t\tC\u0103s\u0103toriile \u00eentre greci \u0219i rom\u00e2nce \u2013 Dragoste la malul Egeei \u0219i acte p\u00e2n\u0103-n v\u00e2rful Olimpului\t\t\t<\/a>\n\t\t<\/h3>\n\t\t\t\t<div class=\"elementor-post__excerpt\">\n\t\t\t<p>S\u0103 te \u00eendr\u0103goste\u0219ti \u00een Grecia nu e greu \u2013 marea, soarele, dansurile p\u00e2n\u0103 diminea\u021ba \u0219i, desigur, farmecul unui grec autentic. Tot mai multe rom\u00e2nce \u00ee\u0219i g\u0103sesc jum\u0103tatea \u00een Grecia, dar<\/p>\n\t\t<\/div>\n\t\t\t\t\t<div class=\"elementor-post__read-more-wrapper\">\n\t\t\n\t\t<a class=\"elementor-post__read-more\" href=\"https:\/\/lawgr.eu\/ro\/casatoriile-intre-greci-si-romance-dragoste-la-malul-egeei-si-acte-pana-n-varful-olimpului\/\" aria-label=\"Read more about C\u0103s\u0103toriile \u00eentre greci \u0219i rom\u00e2nce \u2013 Dragoste la malul Egeei \u0219i acte p\u00e2n\u0103-n v\u00e2rful Olimpului\" tabindex=\"-1\" >\n\t\t\t\u0394\u0399\u0391\u0392\u0391\u03a3\u0395 \u03a0\u0395\u03a1\u0399\u03a3\u03a3\u039f\u03a4\u0395\u03a1\u0391\t\t<\/a>\n\n\t\t\t\t\t<\/div>\n\t\t\t\t<\/div>\n\t\t\t\t\t<\/div>\n\t\t<\/article>\n\t\t\t\t<article class=\"elementor-post elementor-grid-item post-19489 post type-post status-publish format-standard has-post-thumbnail hentry category-blog\">\n\t\t\t<div class=\"elementor-post__card\">\n\t\t\t\t<a class=\"elementor-post__thumbnail__link\" href=\"https:\/\/lawgr.eu\/ro\/casatoria-religioasa-in-grecia-recunoastere-si-procedura\/\" tabindex=\"-1\" ><div class=\"elementor-post__thumbnail\"><img loading=\"lazy\" decoding=\"async\" width=\"627\" height=\"418\" src=\"https:\/\/lawgr.eu\/wp-content\/uploads\/2025\/07\/iStock-865658918-1-1.jpg\" class=\"attachment-full size-full wp-image-19490\" alt=\"\" srcset=\"https:\/\/lawgr.eu\/wp-content\/uploads\/2025\/07\/iStock-865658918-1-1.jpg 627w, https:\/\/lawgr.eu\/wp-content\/uploads\/2025\/07\/iStock-865658918-1-1-300x200.jpg 300w\" sizes=\"(max-width: 627px) 100vw, 627px\" \/><\/div><\/a>\n\t\t\t\t<div class=\"elementor-post__badge\">Blog<\/div>\n\t\t\t\t<div class=\"elementor-post__text\">\n\t\t\t\t<h3 class=\"elementor-post__title\">\n\t\t\t<a href=\"https:\/\/lawgr.eu\/ro\/casatoria-religioasa-in-grecia-recunoastere-si-procedura\/\" >\n\t\t\t\tC\u0103s\u0103toria religioas\u0103 \u00een Grecia \u2013 recunoa\u0219tere \u0219i procedur\u0103\t\t\t<\/a>\n\t\t<\/h3>\n\t\t\t\t<div class=\"elementor-post__excerpt\">\n\t\t\t<p>\u00cen Grecia, spre deosebire de Rom\u00e2nia, c\u0103s\u0103toria religioas\u0103 poate produce efecte juridice, dac\u0103 este \u00eenregistrat\u0103 oficial la autorit\u0103\u021bile locale. \u2705 Ce \u00eenseamn\u0103 asta concret? \u00a0Sunt dou\u0103 tipuri de c\u0103s\u0103torie \u00een<\/p>\n\t\t<\/div>\n\t\t\t\t\t<div class=\"elementor-post__read-more-wrapper\">\n\t\t\n\t\t<a class=\"elementor-post__read-more\" href=\"https:\/\/lawgr.eu\/ro\/casatoria-religioasa-in-grecia-recunoastere-si-procedura\/\" aria-label=\"Read more about C\u0103s\u0103toria religioas\u0103 \u00een Grecia \u2013 recunoa\u0219tere \u0219i procedur\u0103\" tabindex=\"-1\" >\n\t\t\t\u0394\u0399\u0391\u0392\u0391\u03a3\u0395 \u03a0\u0395\u03a1\u0399\u03a3\u03a3\u039f\u03a4\u0395\u03a1\u0391\t\t<\/a>\n\n\t\t\t\t\t<\/div>\n\t\t\t\t<\/div>\n\t\t\t\t\t<\/div>\n\t\t<\/article>\n\t\t\t\t<article class=\"elementor-post elementor-grid-item post-19479 post type-post status-publish format-standard has-post-thumbnail hentry category-blog\">\n\t\t\t<div class=\"elementor-post__card\">\n\t\t\t\t<a class=\"elementor-post__thumbnail__link\" href=\"https:\/\/lawgr.eu\/ro\/cum-cumparam-un-imobil-in-grecia-ghid-complet-pentru-cetatenii-straini\/\" tabindex=\"-1\" ><div class=\"elementor-post__thumbnail\"><img loading=\"lazy\" decoding=\"async\" width=\"1061\" height=\"707\" src=\"https:\/\/lawgr.eu\/wp-content\/uploads\/2025\/07\/iStock-1390201340-1.jpg\" class=\"attachment-full size-full wp-image-19480\" alt=\"\" srcset=\"https:\/\/lawgr.eu\/wp-content\/uploads\/2025\/07\/iStock-1390201340-1.jpg 1061w, https:\/\/lawgr.eu\/wp-content\/uploads\/2025\/07\/iStock-1390201340-1-300x200.jpg 300w, https:\/\/lawgr.eu\/wp-content\/uploads\/2025\/07\/iStock-1390201340-1-1024x682.jpg 1024w, https:\/\/lawgr.eu\/wp-content\/uploads\/2025\/07\/iStock-1390201340-1-768x512.jpg 768w\" sizes=\"(max-width: 1061px) 100vw, 1061px\" \/><\/div><\/a>\n\t\t\t\t<div class=\"elementor-post__badge\">Blog<\/div>\n\t\t\t\t<div class=\"elementor-post__text\">\n\t\t\t\t<h3 class=\"elementor-post__title\">\n\t\t\t<a href=\"https:\/\/lawgr.eu\/ro\/cum-cumparam-un-imobil-in-grecia-ghid-complet-pentru-cetatenii-straini\/\" >\n\t\t\t\tCum cump\u0103r\u0103m un imobil \u00een Grecia: Ghid complet pentru cet\u0103\u021benii str\u0103ini\t\t\t<\/a>\n\t\t<\/h3>\n\t\t\t\t<div class=\"elementor-post__excerpt\">\n\t\t\t<p>I. De ce Grecia? Grecia atrage anual mii de turi\u0219ti rom\u00e2ni, iar mul\u021bi dintre ei se \u00eentorc s\u0103 investeasc\u0103 \u00een imobiliare. Clima mediteranean\u0103, mareele curate, safety, pricele accesible \u00een compara\u021bie<\/p>\n\t\t<\/div>\n\t\t\t\t\t<div class=\"elementor-post__read-more-wrapper\">\n\t\t\n\t\t<a class=\"elementor-post__read-more\" href=\"https:\/\/lawgr.eu\/ro\/cum-cumparam-un-imobil-in-grecia-ghid-complet-pentru-cetatenii-straini\/\" aria-label=\"Read more about Cum cump\u0103r\u0103m un imobil \u00een Grecia: Ghid complet pentru cet\u0103\u021benii str\u0103ini\" tabindex=\"-1\" >\n\t\t\t\u0394\u0399\u0391\u0392\u0391\u03a3\u0395 \u03a0\u0395\u03a1\u0399\u03a3\u03a3\u039f\u03a4\u0395\u03a1\u0391\t\t<\/a>\n\n\t\t\t\t\t<\/div>\n\t\t\t\t<\/div>\n\t\t\t\t\t<\/div>\n\t\t<\/article>\n\t\t\t\t<\/div>\n\t\t\t\t\t<span class=\"e-load-more-spinner\">\n\t\t\t\t<i aria-hidden=\"true\" class=\"fas fa-spinner\"><\/i>\t\t\t<\/span>\n\t\t\n\t\t\t\t<\/div>\n\t\t\t\t<\/div>\n\t\t\t\t\t<\/div>\n\t\t<\/div>\n\t\t\t\t\t<\/div>\n\t\t<\/section>\n\t\t\t\t\t<\/div>\n\t\t<\/div>\n\t\t\t\t\t<\/div>\n\t\t<\/section>\n\t\t\t\t<\/div>\n\t\t","protected":false},"excerpt":{"rendered":"<p>BLOG \u0218tiri \u0219i actualiz\u0103ri Fii primul care afl\u0103 despre evolu\u021biile \u00een problemele care te privesc!<\/p>\n","protected":false},"author":5,"featured_media":0,"parent":0,"menu_order":0,"comment_status":"closed","ping_status":"closed","template":"elementor_header_footer","meta":{"inline_featured_image":false,"footnotes":""},"class_list":["post-18813","page","type-page","status-publish","hentry"],"_links":{"self":[{"href":"https:\/\/lawgr.eu\/ro\/wp-json\/wp\/v2\/pages\/18813","targetHints":{"allow":["GET"]}}],"collection":[{"href":"https:\/\/lawgr.eu\/ro\/wp-json\/wp\/v2\/pages"}],"about":[{"href":"https:\/\/lawgr.eu\/ro\/wp-json\/wp\/v2\/types\/page"}],"author":[{"embeddable":true,"href":"https:\/\/lawgr.eu\/ro\/wp-json\/wp\/v2\/users\/5"}],"replies":[{"embeddable":true,"href":"https:\/\/lawgr.eu\/ro\/wp-json\/wp\/v2\/comments?post=18813"}],"version-history":[{"count":5,"href":"https:\/\/lawgr.eu\/ro\/wp-json\/wp\/v2\/pages\/18813\/revisions"}],"predecessor-version":[{"id":19171,"href":"https:\/\/lawgr.eu\/ro\/wp-json\/wp\/v2\/pages\/18813\/revisions\/19171"}],"wp:attachment":[{"href":"https:\/\/lawgr.eu\/ro\/wp-json\/wp\/v2\/media?parent=18813"}],"curies":[{"name":"wp","href":"https:\/\/api.w.org\/{rel}","templated":true}]}}