{"id":18843,"date":"2023-03-29T17:05:11","date_gmt":"2023-03-29T14:05:11","guid":{"rendered":"https:\/\/lawgr.eu\/terms\/"},"modified":"2024-11-21T12:19:38","modified_gmt":"2024-11-21T10:19:38","slug":"terms","status":"publish","type":"page","link":"https:\/\/lawgr.eu\/ro\/terms\/","title":{"rendered":"Termeni de utilizare"},"content":{"rendered":"\t\t<div data-elementor-type=\"wp-page\" data-elementor-id=\"18843\" class=\"elementor elementor-18843 elementor-1188\" data-elementor-post-type=\"page\">\n\t\t\t\t\t\t<section class=\"elementor-section elementor-top-section elementor-element elementor-element-0a7917b elementor-section-full_width elementor-section-height-min-height elementor-section-height-default elementor-section-items-middle\" data-id=\"0a7917b\" data-element_type=\"section\" data-settings=\"{&quot;background_background&quot;:&quot;classic&quot;}\">\n\t\t\t\t\t\t\t<div class=\"elementor-background-overlay\"><\/div>\n\t\t\t\t\t\t\t<div class=\"elementor-container elementor-column-gap-default\">\n\t\t\t\t\t<div class=\"elementor-column elementor-col-100 elementor-top-column elementor-element elementor-element-055a209\" data-id=\"055a209\" data-element_type=\"column\">\n\t\t\t<div class=\"elementor-widget-wrap\">\n\t\t\t\t\t\t\t<\/div>\n\t\t<\/div>\n\t\t\t\t\t<\/div>\n\t\t<\/section>\n\t\t\t\t<section class=\"elementor-section elementor-top-section elementor-element elementor-element-08877f8 elementor-reverse-tablet elementor-reverse-mobile elementor-section-boxed elementor-section-height-default elementor-section-height-default\" data-id=\"08877f8\" data-element_type=\"section\" data-settings=\"{&quot;background_background&quot;:&quot;classic&quot;}\">\n\t\t\t\t\t\t\t<div class=\"elementor-background-overlay\"><\/div>\n\t\t\t\t\t\t\t<div class=\"elementor-container elementor-column-gap-default\">\n\t\t\t\t\t<div class=\"elementor-column elementor-col-100 elementor-top-column elementor-element elementor-element-cd84585 animated-slow elementor-invisible\" data-id=\"cd84585\" data-element_type=\"column\" data-settings=\"{&quot;animation&quot;:&quot;fadeInUp&quot;,&quot;background_background&quot;:&quot;classic&quot;}\">\n\t\t\t<div class=\"elementor-widget-wrap elementor-element-populated\">\n\t\t\t\t\t<div class=\"elementor-background-overlay\"><\/div>\n\t\t\t\t\t\t<div class=\"elementor-element elementor-element-15f11ba elementor-widget elementor-widget-heading\" data-id=\"15f11ba\" data-element_type=\"widget\" data-widget_type=\"heading.default\">\n\t\t\t\t<div class=\"elementor-widget-container\">\n\t\t\t<h2 class=\"elementor-heading-title elementor-size-default\">Termeni de utilizare<\/h2>\t\t<\/div>\n\t\t\t\t<\/div>\n\t\t\t\t<div class=\"elementor-element elementor-element-fe88de4 elementor-widget elementor-widget-text-editor\" data-id=\"fe88de4\" data-element_type=\"widget\" data-widget_type=\"text-editor.default\">\n\t\t\t\t<div class=\"elementor-widget-container\">\n\t\t\t\t\t\t\t<p class=\"wp-block-heading\">Ultima actualizare: 15 aprilie 2024<\/p>\t\t\t\t\t\t<\/div>\n\t\t\t\t<\/div>\n\t\t\t\t\t<\/div>\n\t\t<\/div>\n\t\t\t\t\t<\/div>\n\t\t<\/section>\n\t\t\t\t<section class=\"elementor-section elementor-top-section elementor-element elementor-element-165eebb animated-slow elementor-section-boxed elementor-section-height-default elementor-section-height-default elementor-invisible\" data-id=\"165eebb\" data-element_type=\"section\" data-settings=\"{&quot;animation&quot;:&quot;fadeInUp&quot;}\">\n\t\t\t\t\t\t<div class=\"elementor-container elementor-column-gap-default\">\n\t\t\t\t\t<div class=\"elementor-column elementor-col-100 elementor-top-column elementor-element elementor-element-51e4606\" data-id=\"51e4606\" data-element_type=\"column\">\n\t\t\t<div class=\"elementor-widget-wrap elementor-element-populated\">\n\t\t\t\t\t\t<div class=\"elementor-element elementor-element-fcf003f elementor-widget elementor-widget-text-editor\" data-id=\"fcf003f\" data-element_type=\"widget\" data-widget_type=\"text-editor.default\">\n\t\t\t\t<div class=\"elementor-widget-container\">\n\t\t\t\t\t\t\t<p><b>TERMENI DE UTILIZARE<\/b><\/p><p>V\u0102 RUG\u0102M S\u0102 CITI\u021aI CU ATEN\u021aIE ACESTI TERMENI DE UTILIZARE \u00ceNAINTE DE A UTILIZA SITE-UL. ACESTI TERMENI DE UTILIZARE A SITE-ULUI GUVERNEAZ\u0102 ACCESUL DVS. \u0218I UTILIZAREA SITE-ULUI WEB. SITE-UL ESTE DISPONIBIL PENTRU ACCES \u0218I UTILIZARE NUMAI DAC\u0102 SUNTE\u021aI DE ACORD CU TERMENII \u0218I CONDI\u021aIILE PREVIZATE MAI JOS.<\/p><p>\u00a0<\/p><p><b>ADEV\u0102REA UTILIZATORULUI SITE-ULUI<\/b><\/p><p>Site-ul web este furnizat de firma de avocatur\u0103 \u201eArtemis Vassilopoulou Lefter &amp; Associates\u201d denumit\u0103 \u00een continuare, ARTEMIS VASSILOPOULOU LEFTER &amp; ASSOCIATES\u201d \u0219i este disponibil numai persoanelor juridice \u0219i persoanelor fizice cu v\u00e2rsta de peste 16 ani care pot \u00eencheia acorduri obligatorii din punct de vedere juridic \u00een cadrul prevederilor aplicabile. legislatie. Dac\u0103 nu \u00eendeplini\u021bi cerin\u021bele, nu pute\u021bi utiliza site-ul.<\/p><p>Obiectul de activitate al, ARTEMIS VASSILOPOULOU LEFTER &amp; ASSOCIATES\u201d este furnizarea de servicii juridice, furnizarea de servicii de consiliere suport pentru directori, dar si reprezentare juridica.<\/p><p>\u00a0<\/p><p><b>MODIFICAREA TERMENILOR DE UTILIZARE<\/b><\/p><p>ARTEMIS VASSILOPOULOU LEFTER &amp; ASSOCIATES\u201d are dreptul de a revizui \u0219i actualiza ace\u0219ti Termeni de utilizare \u00een orice moment. Utilizarea \u00een continuare a Site-ului dup\u0103 ce au fost aduse modific\u0103ri acestor Termeni de utilizare reprezint\u0103 acceptarea de c\u0103tre dumneavoastr\u0103 a acestor modific\u0103ri. Fiecare element al Site-ului poate fi modificat, completat, \u0219ters sau actualizat f\u0103r\u0103 notificare prealabil\u0103, la discre\u021bia absolut\u0103 a \u201eARTEMIS VASSILOPOULOU LEFTER &amp; ASSOCIATES\u201d.<\/p><p>\u00a0<\/p><p><b>PROTEC\u021aIA DATELOR PERSONALE<\/b><\/p><p>Politica de confiden\u021bialitate a \u201eARTEMIS VASSILOPOULOU LEFTER &amp; ASSOCIATES\u201d guverneaz\u0103 utilizarea informa\u021biilor colectate sau furnizate de dvs. pe site. Pentru a afla despre Politica de protec\u021bie a datelor cu caracter personal a \u201eARTEMIS VASSILOPOULOU LEFTER &amp; ASSOCIATES\u201d face\u021bi clic aici.<\/p><p>\u00a0<\/p><p>\u00a0<\/p><p><b>LICEN\u021a\u0102 \u2013 DE\u021aINEREA SITE-ULUI<\/b><\/p><p>\u00centregul con\u021binut al site-ului web incluz\u00e2nd, f\u0103r\u0103 limitare, texte, \u0219tiri, grafice, fotografii, diagrame, imagini, servicii \u0219i \u00een general orice fel de fi\u0219iere face obiectul propriet\u0103\u021bii intelectuale \u0219i este guvernat de prevederile na\u021bionale, europene \u0219i interna\u021bionale privind Proprietatea Intelectual\u0103. Prin urmare, reproducerea, republicarea, copierea, stocarea, v\u00e2nzarea, transmiterea, distribu\u021bia, publicarea, executarea, desc\u0103rcarea, traducerea \u0219i modificarea oric\u0103rei p\u0103r\u021bi a site-ului web este interzis\u0103 \u00een mod expres \u00een orice mod f\u0103r\u0103 acordul prealabil, expres, scris al \u201eARTEMIS VASSILOPOULOU LEFTER &amp; PARTENERI\u201d. M\u0103rcile \u00eenregistrate \u0219i numele incluse pe acest site web sunt m\u0103rci comerciale \u00eenregistrate \u0219i sunt protejate de prevederile privind drepturile de autor men\u021bionate mai sus. \u00cen mod excep\u021bional, p\u0103r\u021bi individuale ale con\u021binutului site-ului web pot fi salvate sau copiate pe un simplu computer personal, strict pentru uz personal, f\u0103r\u0103 inten\u021bia de exploatare comercial\u0103. \u00cen cazul salv\u0103rii sau copierii con\u021binutului de pe site, acesta trebuie men\u021bionat ca surs\u0103 de origine, de\u0219i aceasta nu implic\u0103 \u00een niciun caz acordarea drepturilor de proprietate intelectual\u0103. Anumite elemente con\u021binute \u00een site \u0219i care provin de la alte entit\u0103\u021bi sunt proprietatea intelectual\u0103 a entit\u0103\u021bilor originare.<\/p><p>\u00a0<\/p><p><b>LIMITARI DE UTILIZARE A SITE-ULUI<br \/><\/b>Pe l\u00e2ng\u0103 celelalte limit\u0103ri stabilite \u00een ace\u0219ti Termeni de utilizare, sunte\u021bi de acord cu urm\u0103toarele:<\/p><p>Nu ve\u021bi ascunde originea informa\u021biilor transmise prin intermediul Site-ului<br \/>Nu ve\u021bi furniza informa\u021bii false sau \u00een\u0219el\u0103toare prin intermediul Site-ului<br \/>Nu v\u0103 ve\u021bi conecta sau utiliza serviciile, informa\u021biile, aplica\u021biile etc. disponibile prin intermediul Site-ului \u00eentr-un mod care nu este permis \u00een mod expres de \u201eARTEMIS VASSILOPOULOU LEFTER &amp; ASSOCIATES\u201d<br \/>Nu ve\u021bi introduce\/\u00eenc\u0103rca pe site-ul web niciun material care con\u021bine viru\u0219i, cai troieni, viermi, bombe cu ceas sau alte rutine de programare a computerului destinate s\u0103 deterioreze, s\u0103 interfereze, s\u0103 intercepteze sau s\u0103 deturneze orice sistem, site-ul sau informa\u021biile sau care \u00eencalc\u0103 proprietatea intelectual\u0103. drepturile altora.<br \/>\u00cencadrarea sau utilizarea tehnicilor de \u00eencadrare care includ orice parte sau element al Con\u021binutului sau Informa\u021biei nu este permis\u0103 f\u0103r\u0103 acordul expres scris al ARTEMIS VASSILOPOULOU LEFTER &amp; ASSOCIATES.<\/p><p>\u00a0<\/p><p><b>LINKURI C\u0102TRE ALTE SITE-URI WEB<\/b><\/p><p><b>Leg\u0103turi externe<\/b><\/p><p>Site-ul web poate con\u021bine link-uri c\u0103tre site-uri web \u0219i resurse ale ter\u021bilor (site-uri legate). Aceste site-uri legate sunt furnizate numai pentru comoditatea dumneavoastr\u0103 \u0219i nu ca site-uri al c\u0103ror con\u021binut este aprobat de ARTEMIS VASSILOPOULOU LEFTER &amp; ASSOCIATES. \u201eARTEMIS VASSILOPOULOU LEFTER &amp; ASSOCIATES\u201d nu face nicio promisiune sau garan\u021bie cu privire la corectitudinea, acurate\u021bea, performan\u021ba sau calitatea oric\u0103rui con\u021binut, software, serviciu sau aplica\u021bie con\u021binut\u0103 \u00een orice site legat. \u201eARTEMIS VASSILOPOULOU LEFTER &amp; ASSOCIATES\u201d nu este responsabil pentru disponibilitatea site-urilor cu linkuri sau pentru con\u021binutul sau activit\u0103\u021bile acelor site-uri. Dac\u0103 decide\u021bi s\u0103 intra\u021bi pe site-uri legate, o face\u021bi pe propriul risc. \u00cen plus, utilizarea de c\u0103tre dvs. a site-urilor conectate este supus\u0103 politicilor, termenilor \u0219i condi\u021biilor aplicabile, inclusiv, dar f\u0103r\u0103 a se limita la, politica de confiden\u021bialitate a site-ului legat.<\/p><p><b>Link-uri interne<\/b><\/p><p>Conectarea c\u0103tre orice pagin\u0103 a site-ului, alta dec\u00e2t https:\/\/www.lawgr.eu, printr-un link text simplu, este strict interzis\u0103, cu excep\u021bia cazului \u00een care exist\u0103 un acord separat de leg\u0103tur\u0103 cu \u201eARTEMIS VASSILOPOULOU LEFTER &amp; ASSOCIATES\u201d. Orice site web sau alt dispozitiv care ofer\u0103 un link c\u0103tre site-ul https:\/\/www.lawgr.eu sau orice pagin\u0103 disponibil\u0103 \u00een cadrul acestuia nu poate:<\/p><p><b>reproduce con\u021binutul,<br \/><\/b>utiliza\u021bi un mediu de browser sau o marj\u0103 \u00een jurul con\u021binutului;<br \/>implic\u0103 \u00een orice mod c\u0103 \u201eARTEMIS VASSILOPOULOU LEFTER &amp; ASSOCIATES\u201d sau companiile sale afiliate \u00eel aprob\u0103,<br \/>pentru a denatura orice situa\u021bie, inclusiv rela\u021bia acesteia cu \u201eARTEMIS VASSILOPOULOU LEFTER &amp; ASSOCIATES\u201d sau cu oricare dintre companiile asociate cu aceasta,<br \/>s\u0103 prezinte informa\u021bii false despre serviciile \u201eARTEMIS VASSILOPOULOU LEFTER &amp; ASSOCIATES\u201d,<br \/>s\u0103 foloseasc\u0103 orice logo sau marc\u0103 a \u201eARTEMIS VASSILOPOULOU LEFTER &amp; ASSOCIATES\u201d sau a companiilor sale afiliate f\u0103r\u0103 permisiunea prealabil\u0103, expres\u0103, \u00een scris a \u201eARTEMIS VASSILOPOULOU LEFTER &amp; ASSOCIATES\u201d.<\/p><p>\u00a0<\/p><p><b>\u00ceNCETARE \u2013 SUSPENDAREA SITE-ULUI<\/b><\/p><p>Sunte\u021bi de acord c\u0103 \u201eARTEMIS VASSILOPOULOU LEFTER &amp; ASSOCIATES\u201d, la propria sa discre\u021bie, are dreptul de a \u00eenceta sau suspenda utilizarea site-ului web, a con\u021binutului \u0219i\/sau a informa\u021biilor \u00een orice moment \u0219i pentru orice motiv, sau f\u0103r\u0103 motiv, chiar \u0219i dac\u0103 accesul \u0219i utilizarea continu\u0103 s\u0103 fie permis\u0103 altora. La o astfel de suspendare sau \u00eencetare a utiliz\u0103rii, trebuie s\u0103:<\/p><p>\u00eenceteaz\u0103 imediat utilizarea site-ului \u0219i a serviciilor;<\/p><p>distruge orice copie a oric\u0103rei p\u0103r\u021bi a con\u021binutului pe care l-ai creat.<\/p><p>Accesarea site-ului web, informa\u021biilor sau serviciilor dup\u0103 terminarea, suspendarea sau \u00eentreruperea conform celor men\u021bionate mai sus constituie un act de intrare ilegal\u0103. \u00cen plus, sunte\u021bi de acord c\u0103 \u201eARTEMIS VASSILOPOULOU LEFTER &amp; ASSOCIATES\u201d nu va fi r\u0103spunz\u0103tor fa\u021b\u0103 de dumneavoastr\u0103 sau fa\u021b\u0103 de orice ter\u021b\u0103 parte pentru orice \u00eencetare sau suspendare a accesului dumneavoastr\u0103 la Site, Informa\u021bii \u0219i\/sau Servicii.<\/p><p>\u00a0<\/p><p><b>LIMITAREA R\u0102SPUNDERII<\/b><\/p><p>\u201eARTEMIS VASSILOPOULOU LEFTER &amp; ASSOCIATES\u201d depune toate eforturile pentru a se asigura c\u0103 informa\u021biile \u0219i con\u021binutul lor \u00een ansamblu sunt exacte, clare, valide, complete, corecte \u0219i disponibile.<\/p><p>\u00cen nicio circumstan\u021b\u0103, inclusiv din neglijen\u021b\u0103, acesta nu va fi tras la r\u0103spundere pentru orice prejudiciu cauzat publicului ca urmare a acestei utiliz\u0103ri a site-ului https:\/\/www.lawgr.eu<\/p><p>\u00a0<\/p><p><b>OBLIGA\u021aIILE VISITATORILOR<\/b><\/p><p>Vizitatorul site-ului web https:\/\/www.lawgr.eu este obligat s\u0103 respecte prevederile relevante ale dreptului grec, european \u0219i interna\u021bional \u0219i legisla\u021bia relevant\u0103 care reglementeaz\u0103 telecomunica\u021biile. \u00cen plus, partea interesat\u0103 trebuie s\u0103 se ab\u021bin\u0103 de la orice utilizare ilegal\u0103 \u0219i abuziv\u0103 a con\u021binutului Re\u021belei. Vizitatorul \u00ee\u0219i asum\u0103 responsabilitatea pentru orice form\u0103 de daune cauzate site-ului de c\u0103tre vizitator din cauza ac\u021biunilor sale inadecvate. \u00cen cazul oric\u0103rei ac\u021biuni, preten\u021bii, ac\u021biuni administrative sau judiciare \u00eempotriva site-ului, din cauza oric\u0103rei forme de \u00eenc\u0103lcare, acesta din urm\u0103 \u00ee\u0219i asum\u0103 obliga\u021bia, pe de o parte, de a interveni \u00een procedurile legale relevante \u0219i, pe de alt\u0103 parte, de a desp\u0103gubi site-ul \u00een \u00een cazul \u00een care este obligat s\u0103 pl\u0103teasc\u0103 desp\u0103gubiri sau altfel.<\/p><p>\u00a0<\/p><p><b>LEGEA APLICABIL\u0102 \u0218I AL\u021aI TERMENI<\/b><\/p><p>Acest acord de utilizare este guvernat de dispozi\u021biile dreptului grec \u0219i interna\u021bional, precum \u0219i de directivele \u0219i reglement\u0103rile dreptului european. Se interpreteaz\u0103 pe baza regulilor bunei-credin\u021be \u0219i eticii comerciale. \u00cen cazul \u00een care orice prevedere este considerat\u0103 contrar\u0103 legii \u0219i, prin urmare, nul\u0103 sau anulabil\u0103, aceasta \u00ee\u0219i \u00eenceteaz\u0103 automat valabilitatea, f\u0103r\u0103 a afecta \u00een niciun fel valabilitatea celorlal\u021bi termeni. Instan\u021bele competente pentru orice dispute care decurg din aceasta sunt Tribunalele din Atena.<\/p>\t\t\t\t\t\t<\/div>\n\t\t\t\t<\/div>\n\t\t\t\t\t<\/div>\n\t\t<\/div>\n\t\t\t\t\t<\/div>\n\t\t<\/section>\n\t\t\t\t<\/div>\n\t\t","protected":false},"excerpt":{"rendered":"<p>Termeni de utilizare Ultima actualizare: 15 aprilie 2024 TERMENI DE UTILIZARE V\u0102 RUG\u0102M S\u0102 CITI\u021aI CU ATEN\u021aIE ACESTI TERMENI DE UTILIZARE \u00ceNAINTE DE A UTILIZA SITE-UL. ACESTI TERMENI DE UTILIZARE A SITE-ULUI GUVERNEAZ\u0102 ACCESUL DVS. \u0218I UTILIZAREA SITE-ULUI WEB. SITE-UL ESTE DISPONIBIL PENTRU ACCES \u0218I UTILIZARE NUMAI DAC\u0102 SUNTE\u021aI DE ACORD CU TERMENII \u0218I CONDI\u021aIILE [&hellip;]<\/p>\n","protected":false},"author":5,"featured_media":0,"parent":0,"menu_order":0,"comment_status":"closed","ping_status":"closed","template":"elementor_header_footer","meta":{"inline_featured_image":false,"footnotes":""},"class_list":["post-18843","page","type-page","status-publish","hentry"],"_links":{"self":[{"href":"https:\/\/lawgr.eu\/ro\/wp-json\/wp\/v2\/pages\/18843","targetHints":{"allow":["GET"]}}],"collection":[{"href":"https:\/\/lawgr.eu\/ro\/wp-json\/wp\/v2\/pages"}],"about":[{"href":"https:\/\/lawgr.eu\/ro\/wp-json\/wp\/v2\/types\/page"}],"author":[{"embeddable":true,"href":"https:\/\/lawgr.eu\/ro\/wp-json\/wp\/v2\/users\/5"}],"replies":[{"embeddable":true,"href":"https:\/\/lawgr.eu\/ro\/wp-json\/wp\/v2\/comments?post=18843"}],"version-history":[{"count":4,"href":"https:\/\/lawgr.eu\/ro\/wp-json\/wp\/v2\/pages\/18843\/revisions"}],"predecessor-version":[{"id":19173,"href":"https:\/\/lawgr.eu\/ro\/wp-json\/wp\/v2\/pages\/18843\/revisions\/19173"}],"wp:attachment":[{"href":"https:\/\/lawgr.eu\/ro\/wp-json\/wp\/v2\/media?parent=18843"}],"curies":[{"name":"wp","href":"https:\/\/api.w.org\/{rel}","templated":true}]}}