{"id":18855,"date":"2023-06-26T13:33:54","date_gmt":"2023-06-26T10:33:54","guid":{"rendered":"https:\/\/lawgr.eu\/privacy\/"},"modified":"2024-11-19T11:18:47","modified_gmt":"2024-11-19T09:18:47","slug":"privacy","status":"publish","type":"page","link":"https:\/\/lawgr.eu\/ro\/privacy\/","title":{"rendered":"\u03a0\u03bf\u03bb\u03b9\u03c4\u03b9\u03ba\u03ae \u03c0\u03c1\u03bf\u03c3\u03c4\u03b1\u03c3\u03af\u03b1\u03c2 \u03b4\u03b5\u03b4\u03bf\u03bc\u03ad\u03bd\u03c9\u03bd \u03c0\u03c1\u03bf\u03c3\u03c9\u03c0\u03b9\u03ba\u03bf\u03cd \u03c7\u03b1\u03c1\u03b1\u03ba\u03c4\u03ae\u03c1\u03b1"},"content":{"rendered":"\t\t<div data-elementor-type=\"wp-page\" data-elementor-id=\"18855\" class=\"elementor elementor-18855 elementor-7135\" data-elementor-post-type=\"page\">\n\t\t\t\t\t\t<section class=\"elementor-section elementor-top-section elementor-element elementor-element-400227b elementor-section-full_width elementor-section-height-min-height elementor-section-height-default elementor-section-items-middle\" data-id=\"400227b\" data-element_type=\"section\" data-settings=\"{&quot;background_background&quot;:&quot;classic&quot;}\">\n\t\t\t\t\t\t\t<div class=\"elementor-background-overlay\"><\/div>\n\t\t\t\t\t\t\t<div class=\"elementor-container elementor-column-gap-default\">\n\t\t\t\t\t<div class=\"elementor-column elementor-col-100 elementor-top-column elementor-element elementor-element-c9af95a\" data-id=\"c9af95a\" data-element_type=\"column\">\n\t\t\t<div class=\"elementor-widget-wrap\">\n\t\t\t\t\t\t\t<\/div>\n\t\t<\/div>\n\t\t\t\t\t<\/div>\n\t\t<\/section>\n\t\t\t\t<section class=\"elementor-section elementor-top-section elementor-element elementor-element-8b3cff9 elementor-reverse-tablet elementor-reverse-mobile elementor-section-boxed elementor-section-height-default elementor-section-height-default\" data-id=\"8b3cff9\" data-element_type=\"section\" data-settings=\"{&quot;background_background&quot;:&quot;classic&quot;}\">\n\t\t\t\t\t\t\t<div class=\"elementor-background-overlay\"><\/div>\n\t\t\t\t\t\t\t<div class=\"elementor-container elementor-column-gap-default\">\n\t\t\t\t\t<div class=\"elementor-column elementor-col-100 elementor-top-column elementor-element elementor-element-a98a198 animated-slow elementor-invisible\" data-id=\"a98a198\" data-element_type=\"column\" data-settings=\"{&quot;animation&quot;:&quot;fadeInUp&quot;,&quot;background_background&quot;:&quot;classic&quot;}\">\n\t\t\t<div class=\"elementor-widget-wrap elementor-element-populated\">\n\t\t\t\t\t<div class=\"elementor-background-overlay\"><\/div>\n\t\t\t\t\t\t<div class=\"elementor-element elementor-element-4347b2c elementor-widget elementor-widget-heading\" data-id=\"4347b2c\" data-element_type=\"widget\" data-widget_type=\"heading.default\">\n\t\t\t\t<div class=\"elementor-widget-container\">\n\t\t\t<h2 class=\"elementor-heading-title elementor-size-default\">Politica de confiden\u021bialitate<\/h2>\t\t<\/div>\n\t\t\t\t<\/div>\n\t\t\t\t<div class=\"elementor-element elementor-element-821cda6 elementor-widget elementor-widget-text-editor\" data-id=\"821cda6\" data-element_type=\"widget\" data-widget_type=\"text-editor.default\">\n\t\t\t\t<div class=\"elementor-widget-container\">\n\t\t\t\t\t\t\t<p class=\"wp-block-heading\">Ultima actualizare: 15 aprilie 2024<\/p>\t\t\t\t\t\t<\/div>\n\t\t\t\t<\/div>\n\t\t\t\t\t<\/div>\n\t\t<\/div>\n\t\t\t\t\t<\/div>\n\t\t<\/section>\n\t\t\t\t<section class=\"elementor-section elementor-top-section elementor-element elementor-element-bccfe29 animated-slow elementor-section-boxed elementor-section-height-default elementor-section-height-default elementor-invisible\" data-id=\"bccfe29\" data-element_type=\"section\" id=\"Privacy_Policy\" data-settings=\"{&quot;animation&quot;:&quot;fadeInUp&quot;}\">\n\t\t\t\t\t\t<div class=\"elementor-container elementor-column-gap-default\">\n\t\t\t\t\t<div class=\"elementor-column elementor-col-100 elementor-top-column elementor-element elementor-element-ed10753\" data-id=\"ed10753\" data-element_type=\"column\">\n\t\t\t<div class=\"elementor-widget-wrap elementor-element-populated\">\n\t\t\t\t\t\t<div class=\"elementor-element elementor-element-5e0edd1 elementor-widget elementor-widget-text-editor\" data-id=\"5e0edd1\" data-element_type=\"widget\" data-widget_type=\"text-editor.default\">\n\t\t\t\t<div class=\"elementor-widget-container\">\n\t\t\t\t\t\t\t<p>V\u0103 mul\u021bumim c\u0103 a\u021bi vizitat site-ul https:\/\/www.lawgr.eu al firmei noastre de avocatur\u0103 \u201eARTEMIS VASSILOPOULOU LEFTER &amp; ASSOCIATES\u201d, denumit\u0103 \u00een continuare \u201eARTEMIS VASSILOPOULOU LEFTER &amp; ASSOCIATES\u201d. Avem sediul \u00een Neo Psychiko, Attica \u0219i sfera de activitate a biroului nostru este furnizarea de servicii juridice, furnizarea de servicii de asisten\u021b\u0103 consultativ\u0103 pentru directori, dar \u0219i reprezentare juridic\u0103.<\/p><p>\u00a0<\/p><p>\u201eARTEMIS VASSILOPOULOU LEFTER &amp; ASSOCIATES\u201d, \u00een contextul respect\u0103rii Regulamentului General privind Protec\u021bia Datelor UE 2016\/679 (denumit \u00een continuare \u201eGDPR\u201d) \u0219i a legii. 4624\/2019 (M.G. 137\/A\/2019) \u201ePrincipiul protec\u021biei datelor cu caracter personal, m\u0103suri de punere \u00een aplicare a Regulamentului (UE) 2016\/679 al Parlamentului European \u0219i al Consiliului din 27 aprilie 2016 pentru protec\u021bia persoanelor fizice \u00eempotriva prelucr\u0103rii datele cu caracter personal \u0219i \u00eencorporarea \u00een legisla\u021bia na\u021bional\u0103 a Directivei (UE) 2016\/680 a Parlamentului European \u0219i a Consiliului din 27 aprilie 2016 \u0219i alte prevederi\u201d, se angajeaz\u0103 la protec\u021bia datelor cu caracter personal prelucrate \u00een scopul exercit\u0103rii atribu\u021biilor biroului.<\/p><p>\u00a0<\/p><p>Datele cu caracter personal sunt orice informa\u021bie care se refer\u0103 la persoane fizice a c\u0103ror identitate este cunoscut\u0103 sau poate fi constatat\u0103.<\/p><p>Protec\u021bia datelor dumneavoastr\u0103 cu caracter personal este foarte important\u0103 pentru \u201eARTEMIS VASSILOPOULOU LEFTER &amp; ASSOCIATES\u201d, motiv pentru care lu\u0103m m\u0103suri \u00een aceast\u0103 direc\u021bie atunci c\u00e2nd vizita\u021bi site-ul nostru. Aceast\u0103 Politic\u0103 de confiden\u021bialitate stabile\u0219te tipul de informa\u021bii pe care le putem colecta atunci c\u00e2nd vizita\u021bi site-ul web \u0219i modul \u00een care utiliz\u0103m aceste informa\u021bii. Atunci c\u00e2nd ne furniza\u021bi \u00een mod voluntar informa\u021bii cu caracter personal, cum ar fi numele, adresa sau adresa dvs. de e-mail, trat\u0103m aceste informa\u021bii \u00een mod strict confiden\u021bial. Sub rezerva prevederilor specifice ale acestei Politici de protec\u021bie a datelor cu caracter personal, nicio informa\u021bie personal\u0103 nu este \u00eenchiriat\u0103, v\u00e2ndut\u0103, postat\u0103 public sau partajat\u0103 cu alte companii, organiza\u021bii sau site-uri web.<\/p><p>\u00a0<\/p><p>\u00cenainte de a utiliza site-ul web, v\u0103 rug\u0103m s\u0103 citi\u021bi cu aten\u021bie acest document.<\/p><p>Dup\u0103 cum se reflect\u0103 \u00een Termenii de utilizare a site-ului \u0219i \u00een Politica privind cookie-urile, serviciile oferite prin intermediul site-ului sunt destinate unui public larg, nu vizeaz\u0103 copiii \u0219i nu colecteaz\u0103 cu bun\u0103 \u0219tiin\u021b\u0103 informa\u021bii personale de la copiii sub 16 ani.<\/p><p>\u00a0<\/p><p>Politica de confiden\u021bialitate se aplic\u0103 tuturor utilizatorilor site-ului web. Aceast\u0103 politic\u0103 se aplic\u0103 colect\u0103rii \u0219i utiliz\u0103rii informa\u021biilor dumneavoastr\u0103 personale de c\u0103tre \u201eARTEMIS VASSILOPOULOU LEFTER &amp; ASSOCIATES\u201d (de exemplu, informa\u021bii care definesc o anumit\u0103 persoan\u0103, cum ar fi numele complet sau adresa de e-mail).<\/p><p>\u00a0<\/p><p><b>CE INFORMA\u021aII CULEGEM DE LA DVS<\/b><\/p><p>C\u00e2nd vizita\u021bi site-ul https:\/\/www.lawgr.eu al firmei noastre de avocatur\u0103, este posibil s\u0103 colect\u0103m date de la dvs. Unele dintre aceste date pot fi de natur\u0103 personal\u0103. Aceste date pot include istoricul c\u0103ut\u0103rilor dvs., adresa IP, rezolu\u021bia ecranului, browserul utilizat, sistemul de operare \u0219i set\u0103rile, timpii de acces \u0219i adresa URL de referin\u021b\u0103. Dac\u0103 utiliza\u021bi un dispozitiv mobil, este posibil s\u0103 colect\u0103m \u0219i date care v\u0103 identific\u0103 dispozitivul, set\u0103rile \u0219i loca\u021bia.<\/p><p>\u201eARTEMIS VASSILOPOULOU LEFTER &amp; ASSOCIATES\u201d \u00ee\u0219i rezerv\u0103 dreptul de a colecta informa\u021bii non-personale de identificare a utilizatorului [tip de browser, tip de computer, sistem de operare, furnizori de internet etc.] \u0219i\/sau de a monitoriza adresele de protocol Internet (adresele IP) folosind tehnologiile corespunz\u0103toare (cookie-uri). ). Cookie-urile sunt fi\u0219iere text mici care sunt stocate pe hard disk-ul fiec\u0103rui utilizator f\u0103r\u0103 a putea accesa documente sau fi\u0219iere de pe computerul utilizatorului. Acestea sunt folosite pentru a facilita accesul utilizatorilor atunci c\u00e2nd utilizeaz\u0103 anumite servicii \u0219i\/sau pagini ale Site-ului, precum \u0219i \u00een scopuri statistice. Pentru mai multe informa\u021bii despre cookie-urile utilizate de Site, utilizatorii sunt ruga\u021bi s\u0103 viziteze pagina Politica Cookies.<\/p><p>\u00a0<\/p><p>Dac\u0103 alege\u021bi s\u0103 v\u0103 abona\u021bi la buletinul informativ al site-ului web, vom colecta adresa dvs. de e-mail.<\/p><p>\u00a0<\/p><p><b>CUM COLECTEM DATELE DVS. PERSONALE<\/b><\/p><p>Colect\u0103m datele dumneavoastr\u0103 cu caracter personal direct de la dumneavoastr\u0103. \u00cen special, ne furniza\u021bi datele dumneavoastr\u0103 personale atunci c\u00e2nd v\u0103 \u00eenregistra\u021bi pentru newsletter \u0219i c\u00e2nd v\u0103 exprima\u021bi interesul de a v\u0103 contacta.<\/p><p>\u00a0<\/p><p><b>UTILIZARE \u2013 DIVULGAREA DATELOR PERSONALE<\/b><\/p><p>Folosim datele dumneavoastr\u0103 personale pentru a r\u0103spunde solicit\u0103rilor dumneavoastr\u0103 cu scopul de a v\u0103 informa \u00een general despre activitatea \u201eARTEMIS VASSILOPOULOU LEFTER &amp; ASSOCIATES\u201d.<\/p><p>\u00a0<\/p><p>Datele dumneavoastr\u0103 personale pe care le colect\u0103m prin intermediul site-ului web nu sunt partajate sau transferate c\u0103tre ter\u021bi.<\/p><p>\u00a0<\/p><p><b>DEPOZITARE \u2013 PROTEC\u021aIA DATELOR PERSONALE<\/b><\/p><p>Centrele noastre de date \u00een care sunt stocate datele dumneavoastr\u0103 cu caracter personal sunt situate \u00een Grecia.<\/p><p>\u00a0<\/p><p><b>PERIOADA DE P\u0102STRARE A DATELOR PERSONALE<\/b><\/p><p>Timpul de p\u0103strare a datelor dumneavoastr\u0103 cu caracter personal \u00een cazul \u00een care v\u0103 abona\u021bi la serviciul de trimitere a newsletter este p\u00e2n\u0103 c\u00e2nd ne informa\u021bi c\u0103 nu mai dori\u021bi s\u0103 v\u0103 trimitem un newsletter (trimiterea unui e-mail relevant la info@lawgr.eu).<\/p><p>Dup\u0103 perioada de timp de mai sus, datele dumneavoastr\u0103 cu caracter personal sunt \u0219terse.<\/p><p>\u00a0<\/p><p><b>DREPTURILE DVS. PRIVIND PRELUCRAREA DATELOR PERSONALE<\/b><\/p><p>Ave\u021bi dreptul de a ob\u021bine informa\u021bii despre datele dumneavoastr\u0103 personale pe care le-am stocat \u00een orice moment, \u00een conformitate cu legea aplicabil\u0103 \u0219i f\u0103r\u0103 nicio tax\u0103. Este posibil s\u0103 v\u0103 solicit\u0103m o dovad\u0103 a identit\u0103\u021bii dumneavoastr\u0103 \u00eenainte de a v\u0103 oferi aceste date.<\/p><p>Ave\u021bi dreptul de a solicita corectarea &#8211; actualizarea datelor dumneavoastr\u0103 \u0219i \u201eARTEMIS VASSILOPOULOU LEFTER &amp; ASSOCIATES\u201d le va corecta imediat.<\/p><p>Ave\u021bi dreptul de a solicita \u0219tergerea datelor dumneavoastr\u0103 personale.<\/p><p>Ave\u021bi dreptul de a solicita \u00eencetarea prelucr\u0103rii de c\u0103tre \u201eARTEMIS VASSILOPOULOU LEFTER &amp; ASSOCIATES\u201d a datelor dumneavoastr\u0103 cu caracter personal.<\/p><p>Ave\u021bi dreptul de a solicita restric\u021bionarea prelucr\u0103rii de c\u0103tre \u201eARTEMIS VASSILOPOULOU LEFTER &amp; ASSOCIATES\u201d a datelor dumneavoastr\u0103 personale.<\/p><p>Ave\u021bi dreptul de a solicita transmiterea datelor dumneavoastr\u0103 cu caracter personal c\u0103tre un alt organism\/organiza\u021bie.<\/p><p>\u00cen cazul \u00een care se dovede\u0219te c\u0103 datele dumneavoastr\u0103 cu caracter personal au fost scurse de \u201eARTEMIS VASSILOPOULOU LEFTER &amp; ASSOCIATES\u201d av\u00e2nd ca rezultat suferirea unui prejudiciu material sau moral, ave\u021bi dreptul de a depune o pl\u00e2ngere la autoritatea de supraveghere competent\u0103 (Autoritatea pentru Protec\u021bia Datelor cu Caracter Personal ).<\/p><p>\u00a0<\/p><p>Pentru a v\u0103 exercita drepturile de mai sus sau dac\u0103 ave\u021bi \u00eentreb\u0103ri despre politica noastr\u0103 de confiden\u021bialitate sau dac\u0103 ave\u021bi nevoie de ajutor pentru a v\u0103 exercita sau \u00een\u021belege op\u021biunile de confiden\u021bialitate, v\u0103 rug\u0103m s\u0103 contacta\u021bi echipa noastr\u0103 de confiden\u021bialitate la info@lawgr.eu sau s\u0103 ne suna\u021bi la 2103236376.<\/p><p>\u00a0<\/p><p><b>MODIFIC\u0102RI LA POLITICA DE CONFIDENTIALITATE<\/b><\/p><p>\u201eARTEMIS VASSILOPOULOU LEFTER &amp; ASSOCIATES\u201d poate modifica aceast\u0103 Politic\u0103 de protec\u021bie a datelor cu caracter personal. V\u0103 rug\u0103m s\u0103 verifica\u021bi Data Intr\u0103rii \u00een vigoare din partea de sus a acestei Politici pentru a vedea c\u00e2nd aceast\u0103 Politic\u0103 a fost revizuit\u0103 ultima dat\u0103. Orice revizuire va intra \u00een vigoare de \u00eendat\u0103 ce public\u0103m Politica revizuit\u0103. Dac\u0103 aducem modific\u0103ri materiale acestei Politici care ne extind drepturile de utilizare a datelor cu caracter personal pe care le-am colectat deja de la dvs., v\u0103 vom notifica \u0219i v\u0103 vom oferi posibilitatea de a alege cu privire la utilizarea ulterioar\u0103 a acestor date.<\/p>\t\t\t\t\t\t<\/div>\n\t\t\t\t<\/div>\n\t\t\t\t\t<\/div>\n\t\t<\/div>\n\t\t\t\t\t<\/div>\n\t\t<\/section>\n\t\t\t\t<\/div>\n\t\t","protected":false},"excerpt":{"rendered":"<p>Politica de confiden\u021bialitate Ultima actualizare: 15 aprilie 2024 V\u0103 mul\u021bumim c\u0103 a\u021bi vizitat site-ul https:\/\/www.lawgr.eu al firmei noastre de avocatur\u0103 \u201eARTEMIS VASSILOPOULOU LEFTER &amp; ASSOCIATES\u201d, denumit\u0103 \u00een continuare \u201eARTEMIS VASSILOPOULOU LEFTER &amp; ASSOCIATES\u201d. Avem sediul \u00een Neo Psychiko, Attica \u0219i sfera de activitate a biroului nostru este furnizarea de servicii juridice, furnizarea de servicii de [&hellip;]<\/p>\n","protected":false},"author":5,"featured_media":0,"parent":0,"menu_order":0,"comment_status":"closed","ping_status":"closed","template":"elementor_header_footer","meta":{"inline_featured_image":false,"footnotes":""},"class_list":["post-18855","page","type-page","status-publish","hentry"],"_links":{"self":[{"href":"https:\/\/lawgr.eu\/ro\/wp-json\/wp\/v2\/pages\/18855","targetHints":{"allow":["GET"]}}],"collection":[{"href":"https:\/\/lawgr.eu\/ro\/wp-json\/wp\/v2\/pages"}],"about":[{"href":"https:\/\/lawgr.eu\/ro\/wp-json\/wp\/v2\/types\/page"}],"author":[{"embeddable":true,"href":"https:\/\/lawgr.eu\/ro\/wp-json\/wp\/v2\/users\/5"}],"replies":[{"embeddable":true,"href":"https:\/\/lawgr.eu\/ro\/wp-json\/wp\/v2\/comments?post=18855"}],"version-history":[{"count":6,"href":"https:\/\/lawgr.eu\/ro\/wp-json\/wp\/v2\/pages\/18855\/revisions"}],"predecessor-version":[{"id":18873,"href":"https:\/\/lawgr.eu\/ro\/wp-json\/wp\/v2\/pages\/18855\/revisions\/18873"}],"wp:attachment":[{"href":"https:\/\/lawgr.eu\/ro\/wp-json\/wp\/v2\/media?parent=18855"}],"curies":[{"name":"wp","href":"https:\/\/api.w.org\/{rel}","templated":true}]}}