{"id":19039,"date":"2024-04-15T13:14:48","date_gmt":"2024-04-15T10:14:48","guid":{"rendered":"https:\/\/lawgr.eu\/tomeis-ekseidikeusis\/%ce%b5%cf%81%ce%b3%ce%b1%cf%84%ce%b9%ce%ba%ce%ac\/"},"modified":"2024-11-21T13:06:37","modified_gmt":"2024-11-21T11:06:37","slug":"%ce%b5%cf%81%ce%b3%ce%b1%cf%84%ce%b9%ce%ba%ce%ac","status":"publish","type":"page","link":"https:\/\/lawgr.eu\/ro\/tomeis-ekseidikeusis\/%ce%b5%cf%81%ce%b3%ce%b1%cf%84%ce%b9%ce%ba%ce%ac\/","title":{"rendered":"DREPTUL MUNCII"},"content":{"rendered":"\t\t<div data-elementor-type=\"wp-page\" data-elementor-id=\"19039\" class=\"elementor elementor-19039 elementor-16864\" data-elementor-post-type=\"page\">\n\t\t\t\t\t\t<section class=\"elementor-section elementor-top-section elementor-element elementor-element-66b6bc6 elementor-section-full_width elementor-section-height-min-height elementor-section-height-default elementor-section-items-middle\" data-id=\"66b6bc6\" data-element_type=\"section\" data-settings=\"{&quot;background_background&quot;:&quot;classic&quot;}\">\n\t\t\t\t\t\t\t<div class=\"elementor-background-overlay\"><\/div>\n\t\t\t\t\t\t\t<div class=\"elementor-container elementor-column-gap-default\">\n\t\t\t\t\t<div class=\"elementor-column elementor-col-100 elementor-top-column elementor-element elementor-element-8d1f85c\" data-id=\"8d1f85c\" data-element_type=\"column\">\n\t\t\t<div class=\"elementor-widget-wrap\">\n\t\t\t\t\t\t\t<\/div>\n\t\t<\/div>\n\t\t\t\t\t<\/div>\n\t\t<\/section>\n\t\t\t\t<section class=\"elementor-section elementor-top-section elementor-element elementor-element-9cef37f elementor-reverse-tablet elementor-reverse-mobile elementor-section-boxed elementor-section-height-default elementor-section-height-default\" data-id=\"9cef37f\" data-element_type=\"section\" data-settings=\"{&quot;background_background&quot;:&quot;classic&quot;}\">\n\t\t\t\t\t\t\t<div class=\"elementor-background-overlay\"><\/div>\n\t\t\t\t\t\t\t<div class=\"elementor-container elementor-column-gap-default\">\n\t\t\t\t\t<div class=\"elementor-column elementor-col-50 elementor-top-column elementor-element elementor-element-958e0bc animated-slow elementor-invisible\" data-id=\"958e0bc\" data-element_type=\"column\" data-settings=\"{&quot;animation&quot;:&quot;fadeInUp&quot;,&quot;background_background&quot;:&quot;classic&quot;}\">\n\t\t\t<div class=\"elementor-widget-wrap elementor-element-populated\">\n\t\t\t\t\t<div class=\"elementor-background-overlay\"><\/div>\n\t\t\t\t\t\t<div class=\"elementor-element elementor-element-0e55960 elementor-widget-divider--view-line elementor-widget elementor-widget-divider\" data-id=\"0e55960\" data-element_type=\"widget\" data-widget_type=\"divider.default\">\n\t\t\t\t<div class=\"elementor-widget-container\">\n\t\t\t\t\t<div class=\"elementor-divider\">\n\t\t\t<span class=\"elementor-divider-separator\">\n\t\t\t\t\t\t<\/span>\n\t\t<\/div>\n\t\t\t\t<\/div>\n\t\t\t\t<\/div>\n\t\t\t\t<div class=\"elementor-element elementor-element-d6ae749 elementor-widget elementor-widget-heading\" data-id=\"d6ae749\" data-element_type=\"widget\" data-widget_type=\"heading.default\">\n\t\t\t\t<div class=\"elementor-widget-container\">\n\t\t\t<h2 class=\"elementor-heading-title elementor-size-default\">DREPTUL MUNCII\n<\/h2>\t\t<\/div>\n\t\t\t\t<\/div>\n\t\t\t\t\t<\/div>\n\t\t<\/div>\n\t\t\t\t<div class=\"elementor-column elementor-col-50 elementor-top-column elementor-element elementor-element-6a20bd6\" data-id=\"6a20bd6\" data-element_type=\"column\">\n\t\t\t<div class=\"elementor-widget-wrap elementor-element-populated\">\n\t\t\t\t\t\t<div class=\"elementor-element elementor-element-69683fa elementor-widget elementor-widget-image\" data-id=\"69683fa\" data-element_type=\"widget\" data-widget_type=\"image.default\">\n\t\t\t\t<div class=\"elementor-widget-container\">\n\t\t\t\t\t\t\t\t\t\t\t\t\t<img fetchpriority=\"high\" decoding=\"async\" width=\"1180\" height=\"785\" src=\"https:\/\/lawgr.eu\/wp-content\/uploads\/2015\/04\/photodune-3290449-concierges-holding-the-cart-and-posing-m.jpg\" class=\"attachment-full size-full wp-image-4041\" alt=\"\u0395\u03c1\u03b3\u03b1\u03c4\u03b9\u03ba\u03cc \u0394\u03af\u03ba\u03b1\u03b9\u03bf\" srcset=\"https:\/\/lawgr.eu\/wp-content\/uploads\/2015\/04\/photodune-3290449-concierges-holding-the-cart-and-posing-m.jpg 1180w, https:\/\/lawgr.eu\/wp-content\/uploads\/2015\/04\/photodune-3290449-concierges-holding-the-cart-and-posing-m-300x200.jpg 300w, https:\/\/lawgr.eu\/wp-content\/uploads\/2015\/04\/photodune-3290449-concierges-holding-the-cart-and-posing-m-1024x681.jpg 1024w, https:\/\/lawgr.eu\/wp-content\/uploads\/2015\/04\/photodune-3290449-concierges-holding-the-cart-and-posing-m-768x511.jpg 768w\" sizes=\"(max-width: 1180px) 100vw, 1180px\" \/>\t\t\t\t\t\t\t\t\t\t\t\t\t<\/div>\n\t\t\t\t<\/div>\n\t\t\t\t\t<\/div>\n\t\t<\/div>\n\t\t\t\t\t<\/div>\n\t\t<\/section>\n\t\t\t\t<section class=\"elementor-section elementor-top-section elementor-element elementor-element-fb82783 elementor-reverse-tablet elementor-reverse-mobile elementor-section-boxed elementor-section-height-default elementor-section-height-default\" data-id=\"fb82783\" data-element_type=\"section\" data-settings=\"{&quot;background_background&quot;:&quot;classic&quot;}\">\n\t\t\t\t\t\t\t<div class=\"elementor-background-overlay\"><\/div>\n\t\t\t\t\t\t\t<div class=\"elementor-container elementor-column-gap-default\">\n\t\t\t\t\t<div class=\"elementor-column elementor-col-100 elementor-top-column elementor-element elementor-element-449df39\" data-id=\"449df39\" data-element_type=\"column\" data-settings=\"{&quot;background_background&quot;:&quot;classic&quot;}\">\n\t\t\t<div class=\"elementor-widget-wrap elementor-element-populated\">\n\t\t\t\t\t<div class=\"elementor-background-overlay\"><\/div>\n\t\t\t\t\t\t<div class=\"elementor-element elementor-element-c844aae elementor-widget-divider--view-line elementor-widget elementor-widget-divider\" data-id=\"c844aae\" data-element_type=\"widget\" data-widget_type=\"divider.default\">\n\t\t\t\t<div class=\"elementor-widget-container\">\n\t\t\t\t\t<div class=\"elementor-divider\">\n\t\t\t<span class=\"elementor-divider-separator\">\n\t\t\t\t\t\t<\/span>\n\t\t<\/div>\n\t\t\t\t<\/div>\n\t\t\t\t<\/div>\n\t\t\t\t<div class=\"elementor-element elementor-element-8d05560 elementor-widget elementor-widget-heading\" data-id=\"8d05560\" data-element_type=\"widget\" data-widget_type=\"heading.default\">\n\t\t\t\t<div class=\"elementor-widget-container\">\n\t\t\t<h2 class=\"elementor-heading-title elementor-size-default\">Partenerii no\u0219tri comerciali din acest domeniu specializat al dreptului ofer\u0103 solu\u021bii integrate la problemele juridice legate de rela\u021biile de munc\u0103, precum \u0219i alte forme de angajare a personalului, dintre care men\u021bion\u0103m orientativ:\n<\/h2>\t\t<\/div>\n\t\t\t\t<\/div>\n\t\t\t\t<div class=\"elementor-element elementor-element-85ab288 elementor-widget elementor-widget-text-editor\" data-id=\"85ab288\" data-element_type=\"widget\" data-widget_type=\"text-editor.default\">\n\t\t\t\t<div class=\"elementor-widget-container\">\n\t\t\t\t\t\t\t<ul><li style=\"font-weight: 400;\" aria-level=\"1\"><span style=\"font-weight: 400;\">Redactarea \u0219i prelucrarea contractelor individuale de munc\u0103 \u0219i respectarea normelor obligatorii \u0219i a contractelor colective na\u021bionale<\/span><\/li><li style=\"font-weight: 400;\" aria-level=\"1\"><span style=\"font-weight: 400;\">Revizuirea condi\u021biilor de munc\u0103<\/span><\/li><li style=\"font-weight: 400;\" aria-level=\"1\"><span style=\"font-weight: 400;\">Contracte independente de servicii, contracte de lucr\u0103ri \u0219i contracte de mandat<\/span><\/li><li style=\"font-weight: 400;\" aria-level=\"1\"><span style=\"font-weight: 400;\">Consultan\u021b\u0103 privind fuziunile, achizi\u021biile \u0219i transferurile de \u00eentreprinderi<\/span><\/li><li style=\"font-weight: 400;\" aria-level=\"1\"><span style=\"font-weight: 400;\">Obliga\u021bii de reglementare \u0219i de publicare<\/span><\/li><li style=\"font-weight: 400;\" aria-level=\"1\"><span style=\"font-weight: 400;\">Modific\u0103ri nefavorabile ale condi\u021biilor de munc\u0103<\/span><\/li><li style=\"font-weight: 400;\" aria-level=\"1\"><span style=\"font-weight: 400;\">\u00cencetarea contractelor de munc\u0103 \u0219i plata compensa\u021biilor<\/span><\/li><li style=\"font-weight: 400;\" aria-level=\"1\"><span style=\"font-weight: 400;\">Reprezentare \u00een autorit\u0103\u021bile \u0219i serviciile administrative independente ale Ministerului Muncii pentru cererile de desp\u0103gubire ale angaja\u021bilor<\/span><\/li><li style=\"font-weight: 400;\" aria-level=\"1\"><span style=\"font-weight: 400;\">Gestionarea accidentelor de munc\u0103<\/span><\/li><li style=\"font-weight: 400;\" aria-level=\"1\"><span style=\"font-weight: 400;\">Consiliere pentru pensionare<\/span><\/li><li style=\"font-weight: 400;\" aria-level=\"1\"><span style=\"font-weight: 400;\">Solu\u021bionarea extrajudiciar\u0103 a litigiilor de munc\u0103, precum \u0219i reprezentarea judiciar\u0103 deplin\u0103 la toate nivelurile de jurisdic\u021bie \u00een procesele legate de toate problemele de rela\u021bii de munc\u0103.<\/span><\/li><\/ul>\t\t\t\t\t\t<\/div>\n\t\t\t\t<\/div>\n\t\t\t\t<div class=\"elementor-element elementor-element-e292b6a elementor-widget-divider--view-line elementor-widget elementor-widget-divider\" data-id=\"e292b6a\" data-element_type=\"widget\" data-widget_type=\"divider.default\">\n\t\t\t\t<div class=\"elementor-widget-container\">\n\t\t\t\t\t<div class=\"elementor-divider\">\n\t\t\t<span class=\"elementor-divider-separator\">\n\t\t\t\t\t\t<\/span>\n\t\t<\/div>\n\t\t\t\t<\/div>\n\t\t\t\t<\/div>\n\t\t\t\t\t<\/div>\n\t\t<\/div>\n\t\t\t\t\t<\/div>\n\t\t<\/section>\n\t\t\t\t<section class=\"elementor-section elementor-top-section elementor-element elementor-element-62c1503 elementor-section-boxed elementor-section-height-default elementor-section-height-default\" data-id=\"62c1503\" data-element_type=\"section\" data-settings=\"{&quot;background_background&quot;:&quot;classic&quot;}\">\n\t\t\t\t\t\t\t<div class=\"elementor-background-overlay\"><\/div>\n\t\t\t\t\t\t\t<div class=\"elementor-container elementor-column-gap-default\">\n\t\t\t\t\t<div class=\"elementor-column elementor-col-100 elementor-top-column elementor-element elementor-element-2509614\" data-id=\"2509614\" data-element_type=\"column\">\n\t\t\t<div class=\"elementor-widget-wrap elementor-element-populated\">\n\t\t\t\t\t\t<div class=\"elementor-element elementor-element-6edec05 elementor-widget__width-auto elementor-invisible elementor-widget elementor-widget-heading\" data-id=\"6edec05\" data-element_type=\"widget\" data-settings=\"{&quot;_animation&quot;:&quot;fadeInUp&quot;}\" data-widget_type=\"heading.default\">\n\t\t\t\t<div class=\"elementor-widget-container\">\n\t\t\t<h2 class=\"elementor-heading-title elementor-size-default\">Ai nevoie de ajutor?<\/h2>\t\t<\/div>\n\t\t\t\t<\/div>\n\t\t\t\t<div class=\"elementor-element elementor-element-cf24df0 elementor-widget-tablet__width-inherit animated-slow elementor-invisible elementor-widget elementor-widget-heading\" data-id=\"cf24df0\" data-element_type=\"widget\" data-settings=\"{&quot;_animation&quot;:&quot;fadeInUp&quot;,&quot;_animation_delay&quot;:1000}\" data-widget_type=\"heading.default\">\n\t\t\t\t<div class=\"elementor-widget-container\">\n\t\t\t<h2 class=\"elementor-heading-title elementor-size-default\"><span style=\"color: #ffffff95\">Eficient<\/span>\n<br>\nConsultan\u021b\u0103 juridic\u0103<\/h2>\t\t<\/div>\n\t\t\t\t<\/div>\n\t\t\t\t<div class=\"elementor-element elementor-element-afaaf81 elementor-widget elementor-widget-text-editor\" data-id=\"afaaf81\" data-element_type=\"widget\" data-widget_type=\"text-editor.default\">\n\t\t\t\t<div class=\"elementor-widget-container\">\n\t\t\t\t\t\t\t<div dir=\"auto\"><div dir=\"auto\">Experien\u021b\u0103, transparen\u021b\u0103 deplin\u0103 \u0219i dedicare pentru consultan\u021b\u0103 juridic\u0103 eficient\u0103 cu suport de exper\u021bi<\/div><\/div>\t\t\t\t\t\t<\/div>\n\t\t\t\t<\/div>\n\t\t\t\t<div class=\"elementor-element elementor-element-59d93a7 elementor-widget__width-auto elementor-widget elementor-widget-button\" data-id=\"59d93a7\" data-element_type=\"widget\" data-widget_type=\"button.default\">\n\t\t\t\t<div class=\"elementor-widget-container\">\n\t\t\t\t\t<div class=\"elementor-button-wrapper\">\n\t\t\t<a class=\"elementor-button elementor-button-link elementor-size-sm\" href=\"\/ro\/appointment\" target=\"_blank\">\n\t\t\t\t\t\t<span class=\"elementor-button-content-wrapper\">\n\t\t\t\t\t\t\t\t\t<span class=\"elementor-button-text\">Rezerv\u0103 o programare<\/span>\n\t\t\t\t\t<\/span>\n\t\t\t\t\t<\/a>\n\t\t<\/div>\n\t\t\t\t<\/div>\n\t\t\t\t<\/div>\n\t\t\t\t<div class=\"elementor-element elementor-element-8476d4e elementor-widget__width-auto elementor-widget elementor-widget-button\" data-id=\"8476d4e\" data-element_type=\"widget\" data-widget_type=\"button.default\">\n\t\t\t\t<div class=\"elementor-widget-container\">\n\t\t\t\t\t<div class=\"elementor-button-wrapper\">\n\t\t\t<a class=\"elementor-button elementor-button-link elementor-size-sm\" href=\"\/ro\/contact\" target=\"_blank\">\n\t\t\t\t\t\t<span class=\"elementor-button-content-wrapper\">\n\t\t\t\t\t\t\t\t\t<span class=\"elementor-button-text\">Trimite-ne un Mesaj<\/span>\n\t\t\t\t\t<\/span>\n\t\t\t\t\t<\/a>\n\t\t<\/div>\n\t\t\t\t<\/div>\n\t\t\t\t<\/div>\n\t\t\t\t\t<\/div>\n\t\t<\/div>\n\t\t\t\t\t<\/div>\n\t\t<\/section>\n\t\t\t\t<\/div>\n\t\t","protected":false},"excerpt":{"rendered":"<p>DREPTUL MUNCII Partenerii no\u0219tri comerciali din acest domeniu specializat al dreptului ofer\u0103 solu\u021bii integrate la problemele juridice legate de rela\u021biile de munc\u0103, precum \u0219i alte forme de angajare a personalului, dintre care men\u021bion\u0103m orientativ: Redactarea \u0219i prelucrarea contractelor individuale de munc\u0103 \u0219i respectarea normelor obligatorii \u0219i a contractelor colective na\u021bionale Revizuirea condi\u021biilor de munc\u0103 Contracte [&hellip;]<\/p>\n","protected":false},"author":5,"featured_media":0,"parent":18837,"menu_order":0,"comment_status":"closed","ping_status":"closed","template":"elementor_header_footer","meta":{"inline_featured_image":false,"footnotes":""},"class_list":["post-19039","page","type-page","status-publish","hentry"],"_links":{"self":[{"href":"https:\/\/lawgr.eu\/ro\/wp-json\/wp\/v2\/pages\/19039","targetHints":{"allow":["GET"]}}],"collection":[{"href":"https:\/\/lawgr.eu\/ro\/wp-json\/wp\/v2\/pages"}],"about":[{"href":"https:\/\/lawgr.eu\/ro\/wp-json\/wp\/v2\/types\/page"}],"author":[{"embeddable":true,"href":"https:\/\/lawgr.eu\/ro\/wp-json\/wp\/v2\/users\/5"}],"replies":[{"embeddable":true,"href":"https:\/\/lawgr.eu\/ro\/wp-json\/wp\/v2\/comments?post=19039"}],"version-history":[{"count":11,"href":"https:\/\/lawgr.eu\/ro\/wp-json\/wp\/v2\/pages\/19039\/revisions"}],"predecessor-version":[{"id":19369,"href":"https:\/\/lawgr.eu\/ro\/wp-json\/wp\/v2\/pages\/19039\/revisions\/19369"}],"up":[{"embeddable":true,"href":"https:\/\/lawgr.eu\/ro\/wp-json\/wp\/v2\/pages\/18837"}],"wp:attachment":[{"href":"https:\/\/lawgr.eu\/ro\/wp-json\/wp\/v2\/media?parent=19039"}],"curies":[{"name":"wp","href":"https:\/\/api.w.org\/{rel}","templated":true}]}}