{"id":19043,"date":"2024-04-15T13:16:49","date_gmt":"2024-04-15T10:16:49","guid":{"rendered":"https:\/\/lawgr.eu\/tomeis-ekseidikeusis\/epilysi-diaforon-kai-dikastiria\/"},"modified":"2024-11-21T13:06:45","modified_gmt":"2024-11-21T11:06:45","slug":"epilysi-diaforon-kai-dikastiria","status":"publish","type":"page","link":"https:\/\/lawgr.eu\/ro\/tomeis-ekseidikeusis\/epilysi-diaforon-kai-dikastiria\/","title":{"rendered":"SOLU\u021aIONAREA LITIGIILOR \u0218I INSTAN\u021aELE DE JUDECAT\u0102"},"content":{"rendered":"\t\t<div data-elementor-type=\"wp-page\" data-elementor-id=\"19043\" class=\"elementor elementor-19043 elementor-16877\" data-elementor-post-type=\"page\">\n\t\t\t\t\t\t<section class=\"elementor-section elementor-top-section elementor-element elementor-element-059720f elementor-section-full_width elementor-section-height-min-height elementor-section-height-default elementor-section-items-middle\" data-id=\"059720f\" data-element_type=\"section\" data-settings=\"{&quot;background_background&quot;:&quot;classic&quot;}\">\n\t\t\t\t\t\t\t<div class=\"elementor-background-overlay\"><\/div>\n\t\t\t\t\t\t\t<div class=\"elementor-container elementor-column-gap-default\">\n\t\t\t\t\t<div class=\"elementor-column elementor-col-100 elementor-top-column elementor-element elementor-element-1e18025\" data-id=\"1e18025\" data-element_type=\"column\">\n\t\t\t<div class=\"elementor-widget-wrap\">\n\t\t\t\t\t\t\t<\/div>\n\t\t<\/div>\n\t\t\t\t\t<\/div>\n\t\t<\/section>\n\t\t\t\t<section class=\"elementor-section elementor-top-section elementor-element elementor-element-316307e elementor-reverse-tablet elementor-reverse-mobile elementor-section-boxed elementor-section-height-default elementor-section-height-default\" data-id=\"316307e\" data-element_type=\"section\" data-settings=\"{&quot;background_background&quot;:&quot;classic&quot;}\">\n\t\t\t\t\t\t\t<div class=\"elementor-background-overlay\"><\/div>\n\t\t\t\t\t\t\t<div class=\"elementor-container elementor-column-gap-default\">\n\t\t\t\t\t<div class=\"elementor-column elementor-col-50 elementor-top-column elementor-element elementor-element-9b8876e animated-slow elementor-invisible\" data-id=\"9b8876e\" data-element_type=\"column\" data-settings=\"{&quot;animation&quot;:&quot;fadeInUp&quot;,&quot;background_background&quot;:&quot;classic&quot;}\">\n\t\t\t<div class=\"elementor-widget-wrap elementor-element-populated\">\n\t\t\t\t\t<div class=\"elementor-background-overlay\"><\/div>\n\t\t\t\t\t\t<div class=\"elementor-element elementor-element-78c8dfa elementor-widget-divider--view-line elementor-widget elementor-widget-divider\" data-id=\"78c8dfa\" data-element_type=\"widget\" data-widget_type=\"divider.default\">\n\t\t\t\t<div class=\"elementor-widget-container\">\n\t\t\t\t\t<div class=\"elementor-divider\">\n\t\t\t<span class=\"elementor-divider-separator\">\n\t\t\t\t\t\t<\/span>\n\t\t<\/div>\n\t\t\t\t<\/div>\n\t\t\t\t<\/div>\n\t\t\t\t<div class=\"elementor-element elementor-element-79f1a13 elementor-widget elementor-widget-heading\" data-id=\"79f1a13\" data-element_type=\"widget\" data-widget_type=\"heading.default\">\n\t\t\t\t<div class=\"elementor-widget-container\">\n\t\t\t<h2 class=\"elementor-heading-title elementor-size-default\">SOLU\u021aIONAREA LITIGIILOR \u0218I INSTAN\u021aELE DE JUDECAT\u0102<\/h2>\t\t<\/div>\n\t\t\t\t<\/div>\n\t\t\t\t\t<\/div>\n\t\t<\/div>\n\t\t\t\t<div class=\"elementor-column elementor-col-50 elementor-top-column elementor-element elementor-element-7ddc8cf\" data-id=\"7ddc8cf\" data-element_type=\"column\">\n\t\t\t<div class=\"elementor-widget-wrap elementor-element-populated\">\n\t\t\t\t\t\t<div class=\"elementor-element elementor-element-11be842 elementor-widget elementor-widget-image\" data-id=\"11be842\" data-element_type=\"widget\" data-widget_type=\"image.default\">\n\t\t\t\t<div class=\"elementor-widget-container\">\n\t\t\t\t\t\t\t\t\t\t\t\t\t<img fetchpriority=\"high\" decoding=\"async\" width=\"1180\" height=\"787\" src=\"https:\/\/lawgr.eu\/wp-content\/uploads\/2013\/12\/photodune-4385116-legal-gavel-on-a-law-book-m.jpg\" class=\"attachment-full size-full wp-image-3937\" alt=\"\" srcset=\"https:\/\/lawgr.eu\/wp-content\/uploads\/2013\/12\/photodune-4385116-legal-gavel-on-a-law-book-m.jpg 1180w, https:\/\/lawgr.eu\/wp-content\/uploads\/2013\/12\/photodune-4385116-legal-gavel-on-a-law-book-m-300x200.jpg 300w, https:\/\/lawgr.eu\/wp-content\/uploads\/2013\/12\/photodune-4385116-legal-gavel-on-a-law-book-m-1024x683.jpg 1024w, https:\/\/lawgr.eu\/wp-content\/uploads\/2013\/12\/photodune-4385116-legal-gavel-on-a-law-book-m-768x512.jpg 768w\" sizes=\"(max-width: 1180px) 100vw, 1180px\" \/>\t\t\t\t\t\t\t\t\t\t\t\t\t<\/div>\n\t\t\t\t<\/div>\n\t\t\t\t\t<\/div>\n\t\t<\/div>\n\t\t\t\t\t<\/div>\n\t\t<\/section>\n\t\t\t\t<section class=\"elementor-section elementor-top-section elementor-element elementor-element-d22207e elementor-reverse-tablet elementor-reverse-mobile elementor-section-boxed elementor-section-height-default elementor-section-height-default\" data-id=\"d22207e\" data-element_type=\"section\" data-settings=\"{&quot;background_background&quot;:&quot;classic&quot;}\">\n\t\t\t\t\t\t\t<div class=\"elementor-background-overlay\"><\/div>\n\t\t\t\t\t\t\t<div class=\"elementor-container elementor-column-gap-default\">\n\t\t\t\t\t<div class=\"elementor-column elementor-col-100 elementor-top-column elementor-element elementor-element-f55d5c3\" data-id=\"f55d5c3\" data-element_type=\"column\" data-settings=\"{&quot;background_background&quot;:&quot;classic&quot;}\">\n\t\t\t<div class=\"elementor-widget-wrap elementor-element-populated\">\n\t\t\t\t\t<div class=\"elementor-background-overlay\"><\/div>\n\t\t\t\t\t\t<div class=\"elementor-element elementor-element-9b45137 elementor-widget-divider--view-line elementor-widget elementor-widget-divider\" data-id=\"9b45137\" data-element_type=\"widget\" data-widget_type=\"divider.default\">\n\t\t\t\t<div class=\"elementor-widget-container\">\n\t\t\t\t\t<div class=\"elementor-divider\">\n\t\t\t<span class=\"elementor-divider-separator\">\n\t\t\t\t\t\t<\/span>\n\t\t<\/div>\n\t\t\t\t<\/div>\n\t\t\t\t<\/div>\n\t\t\t\t<div class=\"elementor-element elementor-element-8e87beb elementor-widget elementor-widget-text-editor\" data-id=\"8e87beb\" data-element_type=\"widget\" data-widget_type=\"text-editor.default\">\n\t\t\t\t<div class=\"elementor-widget-container\">\n\t\t\t\t\t\t\t<p><span style=\"font-weight: 400;\">Cu avoca\u021bi activi \u0219i eficien\u021bi \u00een procedurile judiciare, biroul nostru reprezint\u0103 clien\u021bii no\u0219tri \u00een fa\u021ba instan\u021belor \u0219i satisfacerea preten\u021biilor lor, \u00een cazurile \u00een care solu\u021bionarea judiciar\u0103 a litigiului este inevitabil\u0103.<\/span><\/p><p><span style=\"font-weight: 400;\">De asemenea, lucr\u0103m cu mediatori cu experien\u021b\u0103 \u00een cazurile \u00een care este necesar\u0103 medierea.<\/span><\/p><p><span style=\"font-weight: 400;\">Firma noastr\u0103 de avocatur\u0103 \u0219i-a construit reputa\u021bia pe multiple succese \u00een numeroase cazuri \u0219i litigii complexe. Avoca\u021bii no\u0219tri au experien\u021ba \u0219i cuno\u0219tin\u021bele necesare pentru a oferi propuneri \u0219i solu\u021bii juridice realiste, oferind consultan\u021b\u0103 \u0219i servicii juridice, \u021bin\u00e2nd cont \u00eentotdeauna de jurispruden\u021ba existent\u0103 a instan\u021belor elene \u0219i europene.<\/span><\/p><p><span style=\"font-weight: 400;\">Am asistat cu succes clien\u021bii no\u0219tri \u00een instan\u021bele civile ordinare \u00een toate tipurile de probleme de drept civil \u0219i comercial. Ne ocup\u0103m de o gam\u0103 larg\u0103 de cauze, cum ar fi litigii civile, de proprietate intelectual\u0103, comerciale, de munc\u0103, administrative \u0219i fiscale, oferind solu\u021bii practice clien\u021bilor pentru orice problem\u0103 juridic\u0103.<\/span><\/p><p><span style=\"font-weight: 400;\">De asemenea, \u00een\u021belegem c\u0103 a merge \u00een instan\u021b\u0103 nu este \u00eentotdeauna ceea ce \u00ee\u0219i doresc clien\u021bii no\u0219tri. Prin urmare, suntem capabili s\u0103 oferim consultan\u021b\u0103 juridic\u0103 \u00een biroul nostru, ajut\u00e2nd clien\u021bii s\u0103 dezvolte strategia adecvat\u0103 \u0219i asigur\u00e2ndu-ne c\u0103 posibilitatea unei solu\u021bion\u0103ri amiabile \u0219i a unei solu\u021bion\u0103ri extrajudiciare a litigiilor poate fi solu\u021bia potrivit\u0103.<\/span><\/p><p><b>Alternativ, oferim cel mai bun raport cost-rentabilitate pentru \u00eenf\u0103\u021bi\u0219\u0103rile \u00een instan\u021b\u0103, iar serviciile noastre acoper\u0103 fiecare etap\u0103 a litigiului, cum ar fi:<\/b><\/p><ul><li style=\"font-weight: 400;\" aria-level=\"1\"><span style=\"font-weight: 400;\">Evaluarea juridic\u0103 a riscurilor<\/span><\/li><li style=\"font-weight: 400;\" aria-level=\"1\"><span style=\"font-weight: 400;\">G\u0103sirea \u0219i colaborarea cu exper\u021bi pentru a sus\u021bine cazul<\/span><\/li><li style=\"font-weight: 400;\" aria-level=\"1\"><span style=\"font-weight: 400;\">\u00cenf\u0103\u021bi\u0219area \u0219i reprezentarea la toate instan\u021bele de competen\u021b\u0103<\/span><\/li><\/ul>\t\t\t\t\t\t<\/div>\n\t\t\t\t<\/div>\n\t\t\t\t<div class=\"elementor-element elementor-element-26cec7a elementor-widget-divider--view-line elementor-widget elementor-widget-divider\" data-id=\"26cec7a\" data-element_type=\"widget\" data-widget_type=\"divider.default\">\n\t\t\t\t<div class=\"elementor-widget-container\">\n\t\t\t\t\t<div class=\"elementor-divider\">\n\t\t\t<span class=\"elementor-divider-separator\">\n\t\t\t\t\t\t<\/span>\n\t\t<\/div>\n\t\t\t\t<\/div>\n\t\t\t\t<\/div>\n\t\t\t\t\t<\/div>\n\t\t<\/div>\n\t\t\t\t\t<\/div>\n\t\t<\/section>\n\t\t\t\t<section class=\"elementor-section elementor-top-section elementor-element elementor-element-ec7b5c0 elementor-section-boxed elementor-section-height-default elementor-section-height-default\" data-id=\"ec7b5c0\" data-element_type=\"section\" data-settings=\"{&quot;background_background&quot;:&quot;classic&quot;}\">\n\t\t\t\t\t\t\t<div class=\"elementor-background-overlay\"><\/div>\n\t\t\t\t\t\t\t<div class=\"elementor-container elementor-column-gap-default\">\n\t\t\t\t\t<div class=\"elementor-column elementor-col-100 elementor-top-column elementor-element elementor-element-cb092dd\" data-id=\"cb092dd\" data-element_type=\"column\">\n\t\t\t<div class=\"elementor-widget-wrap elementor-element-populated\">\n\t\t\t\t\t\t<div class=\"elementor-element elementor-element-553208e elementor-widget__width-auto elementor-invisible elementor-widget elementor-widget-heading\" data-id=\"553208e\" data-element_type=\"widget\" data-settings=\"{&quot;_animation&quot;:&quot;fadeInUp&quot;}\" data-widget_type=\"heading.default\">\n\t\t\t\t<div class=\"elementor-widget-container\">\n\t\t\t<h2 class=\"elementor-heading-title elementor-size-default\">Ai nevoie de ajutor?<\/h2>\t\t<\/div>\n\t\t\t\t<\/div>\n\t\t\t\t<div class=\"elementor-element elementor-element-b4b47a5 elementor-widget-tablet__width-inherit animated-slow elementor-invisible elementor-widget elementor-widget-heading\" data-id=\"b4b47a5\" data-element_type=\"widget\" data-settings=\"{&quot;_animation&quot;:&quot;fadeInUp&quot;,&quot;_animation_delay&quot;:1000}\" data-widget_type=\"heading.default\">\n\t\t\t\t<div class=\"elementor-widget-container\">\n\t\t\t<h2 class=\"elementor-heading-title elementor-size-default\"><span style=\"color: #ffffff95\">Eficient<\/span>\n<br>\nConsultan\u021b\u0103 juridic\u0103<\/h2>\t\t<\/div>\n\t\t\t\t<\/div>\n\t\t\t\t<div class=\"elementor-element elementor-element-f2e4202 elementor-widget elementor-widget-text-editor\" data-id=\"f2e4202\" data-element_type=\"widget\" data-widget_type=\"text-editor.default\">\n\t\t\t\t<div class=\"elementor-widget-container\">\n\t\t\t\t\t\t\t<div dir=\"auto\"><div dir=\"auto\">Experien\u021b\u0103, transparen\u021b\u0103 deplin\u0103 \u0219i dedicare pentru consultan\u021b\u0103 juridic\u0103 eficient\u0103 cu suport de exper\u021bi<\/div><\/div>\t\t\t\t\t\t<\/div>\n\t\t\t\t<\/div>\n\t\t\t\t<div class=\"elementor-element elementor-element-109216a elementor-widget__width-auto elementor-widget elementor-widget-button\" data-id=\"109216a\" data-element_type=\"widget\" data-widget_type=\"button.default\">\n\t\t\t\t<div class=\"elementor-widget-container\">\n\t\t\t\t\t<div class=\"elementor-button-wrapper\">\n\t\t\t<a class=\"elementor-button elementor-button-link elementor-size-sm\" href=\"\/ro\/appointment\" target=\"_blank\">\n\t\t\t\t\t\t<span class=\"elementor-button-content-wrapper\">\n\t\t\t\t\t\t\t\t\t<span class=\"elementor-button-text\">Rezerv\u0103 o programare<\/span>\n\t\t\t\t\t<\/span>\n\t\t\t\t\t<\/a>\n\t\t<\/div>\n\t\t\t\t<\/div>\n\t\t\t\t<\/div>\n\t\t\t\t<div class=\"elementor-element elementor-element-03a3a5c elementor-widget__width-auto elementor-widget elementor-widget-button\" data-id=\"03a3a5c\" data-element_type=\"widget\" data-widget_type=\"button.default\">\n\t\t\t\t<div class=\"elementor-widget-container\">\n\t\t\t\t\t<div class=\"elementor-button-wrapper\">\n\t\t\t<a class=\"elementor-button elementor-button-link elementor-size-sm\" href=\"\/ro\/contact\" target=\"_blank\">\n\t\t\t\t\t\t<span class=\"elementor-button-content-wrapper\">\n\t\t\t\t\t\t\t\t\t<span class=\"elementor-button-text\">Trimite-ne un Mesaj<\/span>\n\t\t\t\t\t<\/span>\n\t\t\t\t\t<\/a>\n\t\t<\/div>\n\t\t\t\t<\/div>\n\t\t\t\t<\/div>\n\t\t\t\t\t<\/div>\n\t\t<\/div>\n\t\t\t\t\t<\/div>\n\t\t<\/section>\n\t\t\t\t<\/div>\n\t\t","protected":false},"excerpt":{"rendered":"<p>SOLU\u021aIONAREA LITIGIILOR \u0218I INSTAN\u021aELE DE JUDECAT\u0102 Cu avoca\u021bi activi \u0219i eficien\u021bi \u00een procedurile judiciare, biroul nostru reprezint\u0103 clien\u021bii no\u0219tri \u00een fa\u021ba instan\u021belor \u0219i satisfacerea preten\u021biilor lor, \u00een cazurile \u00een care solu\u021bionarea judiciar\u0103 a litigiului este inevitabil\u0103. De asemenea, lucr\u0103m cu mediatori cu experien\u021b\u0103 \u00een cazurile \u00een care este necesar\u0103 medierea. Firma noastr\u0103 de avocatur\u0103 \u0219i-a [&hellip;]<\/p>\n","protected":false},"author":5,"featured_media":0,"parent":18837,"menu_order":0,"comment_status":"closed","ping_status":"closed","template":"elementor_header_footer","meta":{"inline_featured_image":false,"footnotes":""},"class_list":["post-19043","page","type-page","status-publish","hentry"],"_links":{"self":[{"href":"https:\/\/lawgr.eu\/ro\/wp-json\/wp\/v2\/pages\/19043","targetHints":{"allow":["GET"]}}],"collection":[{"href":"https:\/\/lawgr.eu\/ro\/wp-json\/wp\/v2\/pages"}],"about":[{"href":"https:\/\/lawgr.eu\/ro\/wp-json\/wp\/v2\/types\/page"}],"author":[{"embeddable":true,"href":"https:\/\/lawgr.eu\/ro\/wp-json\/wp\/v2\/users\/5"}],"replies":[{"embeddable":true,"href":"https:\/\/lawgr.eu\/ro\/wp-json\/wp\/v2\/comments?post=19043"}],"version-history":[{"count":7,"href":"https:\/\/lawgr.eu\/ro\/wp-json\/wp\/v2\/pages\/19043\/revisions"}],"predecessor-version":[{"id":19372,"href":"https:\/\/lawgr.eu\/ro\/wp-json\/wp\/v2\/pages\/19043\/revisions\/19372"}],"up":[{"embeddable":true,"href":"https:\/\/lawgr.eu\/ro\/wp-json\/wp\/v2\/pages\/18837"}],"wp:attachment":[{"href":"https:\/\/lawgr.eu\/ro\/wp-json\/wp\/v2\/media?parent=19043"}],"curies":[{"name":"wp","href":"https:\/\/api.w.org\/{rel}","templated":true}]}}