{"id":19047,"date":"2024-04-15T13:18:08","date_gmt":"2024-04-15T10:18:08","guid":{"rendered":"https:\/\/lawgr.eu\/tomeis-ekseidikeusis\/pneymatiki-biomixaniki-idioktisia\/"},"modified":"2025-04-28T16:15:59","modified_gmt":"2025-04-28T13:15:59","slug":"pneymatiki-biomixaniki-idioktisia","status":"publish","type":"page","link":"https:\/\/lawgr.eu\/ro\/tomeis-ekseidikeusis\/pneymatiki-biomixaniki-idioktisia\/","title":{"rendered":"Drept de autor"},"content":{"rendered":"\t\t<div data-elementor-type=\"wp-page\" data-elementor-id=\"19047\" class=\"elementor elementor-19047 elementor-16883\" data-elementor-post-type=\"page\">\n\t\t\t\t\t\t<section class=\"elementor-section elementor-top-section elementor-element elementor-element-4d54fde elementor-section-full_width elementor-section-height-min-height elementor-section-height-default elementor-section-items-middle\" data-id=\"4d54fde\" data-element_type=\"section\" data-settings=\"{&quot;background_background&quot;:&quot;classic&quot;}\">\n\t\t\t\t\t\t\t<div class=\"elementor-background-overlay\"><\/div>\n\t\t\t\t\t\t\t<div class=\"elementor-container elementor-column-gap-default\">\n\t\t\t\t\t<div class=\"elementor-column elementor-col-100 elementor-top-column elementor-element elementor-element-fdcbeb3\" data-id=\"fdcbeb3\" data-element_type=\"column\">\n\t\t\t<div class=\"elementor-widget-wrap\">\n\t\t\t\t\t\t\t<\/div>\n\t\t<\/div>\n\t\t\t\t\t<\/div>\n\t\t<\/section>\n\t\t\t\t<section class=\"elementor-section elementor-top-section elementor-element elementor-element-cea21b8 elementor-reverse-tablet elementor-reverse-mobile elementor-section-boxed elementor-section-height-default elementor-section-height-default\" data-id=\"cea21b8\" data-element_type=\"section\" data-settings=\"{&quot;background_background&quot;:&quot;classic&quot;}\">\n\t\t\t\t\t\t\t<div class=\"elementor-background-overlay\"><\/div>\n\t\t\t\t\t\t\t<div class=\"elementor-container elementor-column-gap-default\">\n\t\t\t\t\t<div class=\"elementor-column elementor-col-50 elementor-top-column elementor-element elementor-element-093b896 animated-slow elementor-invisible\" data-id=\"093b896\" data-element_type=\"column\" data-settings=\"{&quot;animation&quot;:&quot;fadeInUp&quot;,&quot;background_background&quot;:&quot;classic&quot;}\">\n\t\t\t<div class=\"elementor-widget-wrap elementor-element-populated\">\n\t\t\t\t\t<div class=\"elementor-background-overlay\"><\/div>\n\t\t\t\t\t\t<div class=\"elementor-element elementor-element-a813c8d elementor-widget-divider--view-line elementor-widget elementor-widget-divider\" data-id=\"a813c8d\" data-element_type=\"widget\" data-widget_type=\"divider.default\">\n\t\t\t\t<div class=\"elementor-widget-container\">\n\t\t\t\t\t<div class=\"elementor-divider\">\n\t\t\t<span class=\"elementor-divider-separator\">\n\t\t\t\t\t\t<\/span>\n\t\t<\/div>\n\t\t\t\t<\/div>\n\t\t\t\t<\/div>\n\t\t\t\t<div class=\"elementor-element elementor-element-23e2530 elementor-widget elementor-widget-heading\" data-id=\"23e2530\" data-element_type=\"widget\" data-widget_type=\"heading.default\">\n\t\t\t\t<div class=\"elementor-widget-container\">\n\t\t\t<h2 class=\"elementor-heading-title elementor-size-default\">Drept de autor<\/h2>\t\t<\/div>\n\t\t\t\t<\/div>\n\t\t\t\t\t<\/div>\n\t\t<\/div>\n\t\t\t\t<div class=\"elementor-column elementor-col-50 elementor-top-column elementor-element elementor-element-06c4a51\" data-id=\"06c4a51\" data-element_type=\"column\">\n\t\t\t<div class=\"elementor-widget-wrap elementor-element-populated\">\n\t\t\t\t\t\t<div class=\"elementor-element elementor-element-0c43ea5 elementor-widget elementor-widget-image\" data-id=\"0c43ea5\" data-element_type=\"widget\" data-widget_type=\"image.default\">\n\t\t\t\t<div class=\"elementor-widget-container\">\n\t\t\t\t\t\t\t\t\t\t\t\t\t<img fetchpriority=\"high\" decoding=\"async\" width=\"1000\" height=\"667\" src=\"https:\/\/lawgr.eu\/wp-content\/uploads\/2020\/12\/pneymatiki-idioktisia.jpg\" class=\"attachment-full size-full wp-image-4556\" alt=\"\u03a0\u03bd\u03b5\u03c5\u03bc\u03b1\u03c4\u03b9\u03ba\u03ae &amp; \u0392\u03b9\u03bf\u03bc\u03b7\u03c7\u03b1\u03bd\u03b9\u03ba\u03ae \u0399\u03b4\u03b9\u03bf\u03ba\u03c4\u03b7\u03c3\u03af\u03b1\" srcset=\"https:\/\/lawgr.eu\/wp-content\/uploads\/2020\/12\/pneymatiki-idioktisia.jpg 1000w, https:\/\/lawgr.eu\/wp-content\/uploads\/2020\/12\/pneymatiki-idioktisia-300x200.jpg 300w, https:\/\/lawgr.eu\/wp-content\/uploads\/2020\/12\/pneymatiki-idioktisia-768x512.jpg 768w\" sizes=\"(max-width: 1000px) 100vw, 1000px\" \/>\t\t\t\t\t\t\t\t\t\t\t\t\t<\/div>\n\t\t\t\t<\/div>\n\t\t\t\t\t<\/div>\n\t\t<\/div>\n\t\t\t\t\t<\/div>\n\t\t<\/section>\n\t\t\t\t<section class=\"elementor-section elementor-top-section elementor-element elementor-element-b6b8069 elementor-reverse-tablet elementor-reverse-mobile elementor-section-boxed elementor-section-height-default elementor-section-height-default\" data-id=\"b6b8069\" data-element_type=\"section\" data-settings=\"{&quot;background_background&quot;:&quot;classic&quot;}\">\n\t\t\t\t\t\t\t<div class=\"elementor-background-overlay\"><\/div>\n\t\t\t\t\t\t\t<div class=\"elementor-container elementor-column-gap-default\">\n\t\t\t\t\t<div class=\"elementor-column elementor-col-100 elementor-top-column elementor-element elementor-element-7d67a37\" data-id=\"7d67a37\" data-element_type=\"column\" data-settings=\"{&quot;background_background&quot;:&quot;classic&quot;}\">\n\t\t\t<div class=\"elementor-widget-wrap elementor-element-populated\">\n\t\t\t\t\t<div class=\"elementor-background-overlay\"><\/div>\n\t\t\t\t\t\t<div class=\"elementor-element elementor-element-4ec3cd0 elementor-widget-divider--view-line elementor-widget elementor-widget-divider\" data-id=\"4ec3cd0\" data-element_type=\"widget\" data-widget_type=\"divider.default\">\n\t\t\t\t<div class=\"elementor-widget-container\">\n\t\t\t\t\t<div class=\"elementor-divider\">\n\t\t\t<span class=\"elementor-divider-separator\">\n\t\t\t\t\t\t<\/span>\n\t\t<\/div>\n\t\t\t\t<\/div>\n\t\t\t\t<\/div>\n\t\t\t\t<div class=\"elementor-element elementor-element-be7b2ae elementor-widget elementor-widget-text-editor\" data-id=\"be7b2ae\" data-element_type=\"widget\" data-widget_type=\"text-editor.default\">\n\t\t\t\t<div class=\"elementor-widget-container\">\n\t\t\t\t\t\t\t<p><span style=\"font-weight: 400;\">Drepturile de autor sunt un tip de drept la proprietate intangibil\u0103 \u0219i apar\u021bin categoriei mai largi de drepturi care protejeaz\u0103 operele de cunoa\u0219tere uman\u0103 \u0219i sunt cunoscute \u00een general sub numele de drepturi de proprietate intelectual\u0103. Proprietatea intelectual\u0103 confer\u0103 autorului operelor min\u021bii un timp limitat, dar un drept absolut \u0219i exclusiv autorului operelor min\u021bii, a\u0219a cum este definit de lege, de a exercita o serie de puteri, economice \u0219i morale. Pentru a \u00een\u021belege de ce proprietatea intelectual\u0103 este un drept de natur\u0103 diferit\u0103 de drepturile de proprietate industrial\u0103, cum ar fi brevetele \u0219i m\u0103rcile comerciale, trebuie s\u0103 ne concentr\u0103m asupra domeniului de protec\u021bie juridic\u0103 oferit de fiecare dintre aceste trei tipuri de drepturi:<\/span><\/p><p><span style=\"font-weight: 400;\">Dreptul de autor protejeaz\u0103 contribu\u021bia ini\u021bial\u0103 a autorului care a condus la crearea unei anumite opere spirituale. Protec\u021bia const\u0103 \u00een interzicerea majorit\u0103\u021bii utiliz\u0103rilor operei, \u00een special a reproducerii \u0219i distribu\u021biei. Dreptul de autor ofer\u0103 o protec\u021bie mai mare pentru operele care con\u021bin elemente de creativitate \u0219i originalitate dec\u00e2t pentru operele de natur\u0103 industrial\u0103, de\u0219i prin introducerea unor opere precum programe de calculator \u0219i baze de date, am v\u0103zut o schimbare func\u021bional\u0103 a drepturilor de autor c\u0103tre obiecte mai utilitare.<\/span><\/p><p><span style=\"font-weight: 400;\">Un<\/span><b> brevet<\/b><span style=\"font-weight: 400;\"> protejeaz\u0103 o inven\u021bie sau un proces de produc\u021bie inovator. Ceea ce este protejat aici este inova\u021bia, nu originalitatea. De asemenea, dup\u0103 cum reiese \u00een mod clar din descrierea inven\u021biei \u0219i din obliga\u021biile de publicitate care se afl\u0103 \u00een centrul sistemului de protec\u021bie a brevetelor, scopul acord\u0103rii de licen\u021be nu este de a restric\u021biona utilizarea unei anumite inven\u021bii, ci de a restric\u021biona fabricarea acelei inven\u021bii.<\/span><\/p><p><span style=\"font-weight: 400;\">O <\/span><b>marc\u0103<\/b><span style=\"font-weight: 400;\"> protejeaz\u0103 \u0219i rela\u021bia specific\u0103 dintre un produs sau un serviciu \u0219i o anumit\u0103 tr\u0103s\u0103tur\u0103 distinctiv\u0103. \u00cen acest caz, obiectul protec\u021biei nu este de a copia sigla m\u0103rcii comerciale, ci de a-l asocia cu un anumit produs sau serviciu. Marca \u00een sine sau titlul poate fi protejat \u00een mod independent ca oper\u0103 de art\u0103 vizual\u0103 \u0219i, respectiv, ca oper\u0103 de vorbire.<\/span><\/p><p><span style=\"font-weight: 400;\">Suna\u021bi <\/span><b>la biroul de avocatur\u0103 Artemis-Lavinia Vasilopoulou-Lefter <\/b><span style=\"font-weight: 400;\">la <\/span><a href=\"tel:+302103236376\"><span style=\"font-weight: 400;\">210 3236376<\/span><\/a><span style=\"font-weight: 400;\"> \u0219i un avocat cu experien\u021b\u0103 va fi imediat disponibil pentru a r\u0103spunde la orice \u00eentreb\u0103ri pe care le-a\u021bi putea avea cu confiden\u021bialitate \u0219i sensibilitate.<\/span><\/p>\t\t\t\t\t\t<\/div>\n\t\t\t\t<\/div>\n\t\t\t\t<div class=\"elementor-element elementor-element-5c743ff elementor-widget-divider--view-line elementor-widget elementor-widget-divider\" data-id=\"5c743ff\" data-element_type=\"widget\" data-widget_type=\"divider.default\">\n\t\t\t\t<div class=\"elementor-widget-container\">\n\t\t\t\t\t<div class=\"elementor-divider\">\n\t\t\t<span class=\"elementor-divider-separator\">\n\t\t\t\t\t\t<\/span>\n\t\t<\/div>\n\t\t\t\t<\/div>\n\t\t\t\t<\/div>\n\t\t\t\t\t<\/div>\n\t\t<\/div>\n\t\t\t\t\t<\/div>\n\t\t<\/section>\n\t\t\t\t<section class=\"elementor-section elementor-top-section elementor-element elementor-element-646c8e5 elementor-section-boxed elementor-section-height-default elementor-section-height-default\" data-id=\"646c8e5\" data-element_type=\"section\" data-settings=\"{&quot;background_background&quot;:&quot;classic&quot;}\">\n\t\t\t\t\t\t\t<div class=\"elementor-background-overlay\"><\/div>\n\t\t\t\t\t\t\t<div class=\"elementor-container elementor-column-gap-default\">\n\t\t\t\t\t<div class=\"elementor-column elementor-col-100 elementor-top-column elementor-element elementor-element-2bfdac9\" data-id=\"2bfdac9\" data-element_type=\"column\">\n\t\t\t<div class=\"elementor-widget-wrap elementor-element-populated\">\n\t\t\t\t\t\t<div class=\"elementor-element elementor-element-4d6edc0 elementor-widget__width-auto elementor-invisible elementor-widget elementor-widget-heading\" data-id=\"4d6edc0\" data-element_type=\"widget\" data-settings=\"{&quot;_animation&quot;:&quot;fadeInUp&quot;}\" data-widget_type=\"heading.default\">\n\t\t\t\t<div class=\"elementor-widget-container\">\n\t\t\t<h2 class=\"elementor-heading-title elementor-size-default\">Ai nevoie de ajutor?<\/h2>\t\t<\/div>\n\t\t\t\t<\/div>\n\t\t\t\t<div class=\"elementor-element elementor-element-3479d0a elementor-widget-tablet__width-inherit animated-slow elementor-invisible elementor-widget elementor-widget-heading\" data-id=\"3479d0a\" data-element_type=\"widget\" data-settings=\"{&quot;_animation&quot;:&quot;fadeInUp&quot;,&quot;_animation_delay&quot;:1000}\" data-widget_type=\"heading.default\">\n\t\t\t\t<div class=\"elementor-widget-container\">\n\t\t\t<h2 class=\"elementor-heading-title elementor-size-default\"><span style=\"color: #ffffff95\">Eficient<\/span>\n<br>\nConsultan\u021b\u0103 juridic\u0103<\/h2>\t\t<\/div>\n\t\t\t\t<\/div>\n\t\t\t\t<div class=\"elementor-element elementor-element-848749f elementor-widget elementor-widget-text-editor\" data-id=\"848749f\" data-element_type=\"widget\" data-widget_type=\"text-editor.default\">\n\t\t\t\t<div class=\"elementor-widget-container\">\n\t\t\t\t\t\t\t<div dir=\"auto\"><div dir=\"auto\">Experien\u021b\u0103, transparen\u021b\u0103 deplin\u0103 \u0219i dedicare pentru consultan\u021b\u0103 juridic\u0103 eficient\u0103 cu suport de exper\u021bi<\/div><\/div>\t\t\t\t\t\t<\/div>\n\t\t\t\t<\/div>\n\t\t\t\t<div class=\"elementor-element elementor-element-e57602a elementor-widget__width-auto elementor-widget elementor-widget-button\" data-id=\"e57602a\" data-element_type=\"widget\" data-widget_type=\"button.default\">\n\t\t\t\t<div class=\"elementor-widget-container\">\n\t\t\t\t\t<div class=\"elementor-button-wrapper\">\n\t\t\t<a class=\"elementor-button elementor-button-link elementor-size-sm\" href=\"\/ro\/appointment\" target=\"_blank\">\n\t\t\t\t\t\t<span class=\"elementor-button-content-wrapper\">\n\t\t\t\t\t\t\t\t\t<span class=\"elementor-button-text\">Rezerv\u0103 o programare<\/span>\n\t\t\t\t\t<\/span>\n\t\t\t\t\t<\/a>\n\t\t<\/div>\n\t\t\t\t<\/div>\n\t\t\t\t<\/div>\n\t\t\t\t<div class=\"elementor-element elementor-element-829be5c elementor-widget__width-auto elementor-widget elementor-widget-button\" data-id=\"829be5c\" data-element_type=\"widget\" data-widget_type=\"button.default\">\n\t\t\t\t<div class=\"elementor-widget-container\">\n\t\t\t\t\t<div class=\"elementor-button-wrapper\">\n\t\t\t<a class=\"elementor-button elementor-button-link elementor-size-sm\" href=\"\/ro\/contact\" target=\"_blank\">\n\t\t\t\t\t\t<span class=\"elementor-button-content-wrapper\">\n\t\t\t\t\t\t\t\t\t<span class=\"elementor-button-text\">Trimite-ne un Mesaj<\/span>\n\t\t\t\t\t<\/span>\n\t\t\t\t\t<\/a>\n\t\t<\/div>\n\t\t\t\t<\/div>\n\t\t\t\t<\/div>\n\t\t\t\t\t<\/div>\n\t\t<\/div>\n\t\t\t\t\t<\/div>\n\t\t<\/section>\n\t\t\t\t<\/div>\n\t\t","protected":false},"excerpt":{"rendered":"<p>Drept de autor Drepturile de autor sunt un tip de drept la proprietate intangibil\u0103 \u0219i apar\u021bin categoriei mai largi de drepturi care protejeaz\u0103 operele de cunoa\u0219tere uman\u0103 \u0219i sunt cunoscute \u00een general sub numele de drepturi de proprietate intelectual\u0103. Proprietatea intelectual\u0103 confer\u0103 autorului operelor min\u021bii un timp limitat, dar un drept absolut \u0219i exclusiv autorului [&hellip;]<\/p>\n","protected":false},"author":5,"featured_media":0,"parent":18837,"menu_order":0,"comment_status":"closed","ping_status":"closed","template":"elementor_header_footer","meta":{"inline_featured_image":false,"footnotes":""},"class_list":["post-19047","page","type-page","status-publish","hentry"],"_links":{"self":[{"href":"https:\/\/lawgr.eu\/ro\/wp-json\/wp\/v2\/pages\/19047","targetHints":{"allow":["GET"]}}],"collection":[{"href":"https:\/\/lawgr.eu\/ro\/wp-json\/wp\/v2\/pages"}],"about":[{"href":"https:\/\/lawgr.eu\/ro\/wp-json\/wp\/v2\/types\/page"}],"author":[{"embeddable":true,"href":"https:\/\/lawgr.eu\/ro\/wp-json\/wp\/v2\/users\/5"}],"replies":[{"embeddable":true,"href":"https:\/\/lawgr.eu\/ro\/wp-json\/wp\/v2\/comments?post=19047"}],"version-history":[{"count":16,"href":"https:\/\/lawgr.eu\/ro\/wp-json\/wp\/v2\/pages\/19047\/revisions"}],"predecessor-version":[{"id":19457,"href":"https:\/\/lawgr.eu\/ro\/wp-json\/wp\/v2\/pages\/19047\/revisions\/19457"}],"up":[{"embeddable":true,"href":"https:\/\/lawgr.eu\/ro\/wp-json\/wp\/v2\/pages\/18837"}],"wp:attachment":[{"href":"https:\/\/lawgr.eu\/ro\/wp-json\/wp\/v2\/media?parent=19047"}],"curies":[{"name":"wp","href":"https:\/\/api.w.org\/{rel}","templated":true}]}}