{"id":19058,"date":"2024-04-15T13:18:54","date_gmt":"2024-04-15T10:18:54","guid":{"rendered":"https:\/\/lawgr.eu\/tomeis-ekseidikeusis\/prosopika-dedomena\/"},"modified":"2025-04-28T16:17:31","modified_gmt":"2025-04-28T13:17:31","slug":"prosopika-dedomena","status":"publish","type":"page","link":"https:\/\/lawgr.eu\/ro\/tomeis-ekseidikeusis\/prosopika-dedomena\/","title":{"rendered":"Datele Personale"},"content":{"rendered":"\t\t<div data-elementor-type=\"wp-page\" data-elementor-id=\"19058\" class=\"elementor elementor-19058 elementor-16887\" data-elementor-post-type=\"page\">\n\t\t\t\t\t\t<section class=\"elementor-section elementor-top-section elementor-element elementor-element-37d1b48 elementor-section-full_width elementor-section-height-min-height elementor-section-height-default elementor-section-items-middle\" data-id=\"37d1b48\" data-element_type=\"section\" data-settings=\"{&quot;background_background&quot;:&quot;classic&quot;}\">\n\t\t\t\t\t\t\t<div class=\"elementor-background-overlay\"><\/div>\n\t\t\t\t\t\t\t<div class=\"elementor-container elementor-column-gap-default\">\n\t\t\t\t\t<div class=\"elementor-column elementor-col-100 elementor-top-column elementor-element elementor-element-a46c8dd\" data-id=\"a46c8dd\" data-element_type=\"column\">\n\t\t\t<div class=\"elementor-widget-wrap\">\n\t\t\t\t\t\t\t<\/div>\n\t\t<\/div>\n\t\t\t\t\t<\/div>\n\t\t<\/section>\n\t\t\t\t<section class=\"elementor-section elementor-top-section elementor-element elementor-element-fbfc866 elementor-reverse-tablet elementor-reverse-mobile elementor-section-boxed elementor-section-height-default elementor-section-height-default\" data-id=\"fbfc866\" data-element_type=\"section\" data-settings=\"{&quot;background_background&quot;:&quot;classic&quot;}\">\n\t\t\t\t\t\t\t<div class=\"elementor-background-overlay\"><\/div>\n\t\t\t\t\t\t\t<div class=\"elementor-container elementor-column-gap-default\">\n\t\t\t\t\t<div class=\"elementor-column elementor-col-50 elementor-top-column elementor-element elementor-element-9b2dc41 animated-slow elementor-invisible\" data-id=\"9b2dc41\" data-element_type=\"column\" data-settings=\"{&quot;animation&quot;:&quot;fadeInUp&quot;,&quot;background_background&quot;:&quot;classic&quot;}\">\n\t\t\t<div class=\"elementor-widget-wrap elementor-element-populated\">\n\t\t\t\t\t<div class=\"elementor-background-overlay\"><\/div>\n\t\t\t\t\t\t<div class=\"elementor-element elementor-element-311360a elementor-widget-divider--view-line elementor-widget elementor-widget-divider\" data-id=\"311360a\" data-element_type=\"widget\" data-widget_type=\"divider.default\">\n\t\t\t\t<div class=\"elementor-widget-container\">\n\t\t\t\t\t<div class=\"elementor-divider\">\n\t\t\t<span class=\"elementor-divider-separator\">\n\t\t\t\t\t\t<\/span>\n\t\t<\/div>\n\t\t\t\t<\/div>\n\t\t\t\t<\/div>\n\t\t\t\t<div class=\"elementor-element elementor-element-3ec65f2 elementor-widget elementor-widget-heading\" data-id=\"3ec65f2\" data-element_type=\"widget\" data-widget_type=\"heading.default\">\n\t\t\t\t<div class=\"elementor-widget-container\">\n\t\t\t<h2 class=\"elementor-heading-title elementor-size-default\">Datele Personale<\/h2>\t\t<\/div>\n\t\t\t\t<\/div>\n\t\t\t\t\t<\/div>\n\t\t<\/div>\n\t\t\t\t<div class=\"elementor-column elementor-col-50 elementor-top-column elementor-element elementor-element-292e944\" data-id=\"292e944\" data-element_type=\"column\">\n\t\t\t<div class=\"elementor-widget-wrap elementor-element-populated\">\n\t\t\t\t\t\t<div class=\"elementor-element elementor-element-0ba2b63 elementor-widget elementor-widget-image\" data-id=\"0ba2b63\" data-element_type=\"widget\" data-widget_type=\"image.default\">\n\t\t\t\t<div class=\"elementor-widget-container\">\n\t\t\t\t\t\t\t\t\t\t\t\t\t<img fetchpriority=\"high\" decoding=\"async\" width=\"1110\" height=\"667\" src=\"https:\/\/lawgr.eu\/wp-content\/uploads\/2020\/11\/prosopika-dedomena23.jpg\" class=\"attachment-full size-full wp-image-4567\" alt=\"\" srcset=\"https:\/\/lawgr.eu\/wp-content\/uploads\/2020\/11\/prosopika-dedomena23.jpg 1110w, https:\/\/lawgr.eu\/wp-content\/uploads\/2020\/11\/prosopika-dedomena23-300x180.jpg 300w, https:\/\/lawgr.eu\/wp-content\/uploads\/2020\/11\/prosopika-dedomena23-1024x615.jpg 1024w, https:\/\/lawgr.eu\/wp-content\/uploads\/2020\/11\/prosopika-dedomena23-768x461.jpg 768w\" sizes=\"(max-width: 1110px) 100vw, 1110px\" \/>\t\t\t\t\t\t\t\t\t\t\t\t\t<\/div>\n\t\t\t\t<\/div>\n\t\t\t\t\t<\/div>\n\t\t<\/div>\n\t\t\t\t\t<\/div>\n\t\t<\/section>\n\t\t\t\t<section class=\"elementor-section elementor-top-section elementor-element elementor-element-8f3b6b7 elementor-reverse-tablet elementor-reverse-mobile elementor-section-boxed elementor-section-height-default elementor-section-height-default\" data-id=\"8f3b6b7\" data-element_type=\"section\" data-settings=\"{&quot;background_background&quot;:&quot;classic&quot;}\">\n\t\t\t\t\t\t\t<div class=\"elementor-background-overlay\"><\/div>\n\t\t\t\t\t\t\t<div class=\"elementor-container elementor-column-gap-default\">\n\t\t\t\t\t<div class=\"elementor-column elementor-col-100 elementor-top-column elementor-element elementor-element-777805e\" data-id=\"777805e\" data-element_type=\"column\" data-settings=\"{&quot;background_background&quot;:&quot;classic&quot;}\">\n\t\t\t<div class=\"elementor-widget-wrap elementor-element-populated\">\n\t\t\t\t\t<div class=\"elementor-background-overlay\"><\/div>\n\t\t\t\t\t\t<div class=\"elementor-element elementor-element-b223589 elementor-widget-divider--view-line elementor-widget elementor-widget-divider\" data-id=\"b223589\" data-element_type=\"widget\" data-widget_type=\"divider.default\">\n\t\t\t\t<div class=\"elementor-widget-container\">\n\t\t\t\t\t<div class=\"elementor-divider\">\n\t\t\t<span class=\"elementor-divider-separator\">\n\t\t\t\t\t\t<\/span>\n\t\t<\/div>\n\t\t\t\t<\/div>\n\t\t\t\t<\/div>\n\t\t\t\t<div class=\"elementor-element elementor-element-113f6f1 elementor-widget elementor-widget-text-editor\" data-id=\"113f6f1\" data-element_type=\"widget\" data-widget_type=\"text-editor.default\">\n\t\t\t\t<div class=\"elementor-widget-container\">\n\t\t\t\t\t\t\t<p><span style=\"font-weight: 400;\">Dac\u0103 afla\u021bi c\u0103 informa\u021biile dumneavoastr\u0103 personale, fotografiile, videoclipurile sau orice alte informa\u021bii personale au fost exploatate de ter\u021bi \u00een scopuri lucrative sau ilegale, v\u0103 rug\u0103m s\u0103 ne contacta\u021bi imediat. Preocuparea noastr\u0103 este cu privire la m\u0103surile adecvate pentru a remedia imediat \u00eenc\u0103lcarea \u0219i a solicita rapid desp\u0103gubirea la care ave\u021bi dreptul.<\/span><\/p><p><span style=\"font-weight: 400;\">Difuzarea datelor cu caracter personal pe internet nu numai c\u0103 v\u0103 limiteaz\u0103 confiden\u021bialitatea, dar v\u0103 poate aduce probleme, provoc\u00e2nd daune vie\u021bii profesionale, sociale \u0219i chiar de familie.<\/span><\/p><p>Cre\u0219terea utiliz\u0103rii internetului \u00een ultimii ani a adus \u00een prim-plan problema protec\u021biei datelor noastre cu caracter personal. Informa\u021biile personale, cum ar fi numele, adresa, numerele de contact, sunt acum peste tot pe internet.<\/p><p><span style=\"font-weight: 400;\">Dac\u0103 dup\u0103 o investiga\u021bie sau din \u00eent\u00e2mplare descoperi\u021bi c\u0103 datele dumneavoastr\u0103 cu caracter personal au fost interceptate sau transferate f\u0103r\u0103 consim\u021b\u0103m\u00e2ntul dumneavoastr\u0103 explicit, nu ezita\u021bi s\u0103 ne contacta\u021bi.<\/span><\/p><p><span style=\"font-weight: 400;\">V\u0103 putem ajuta dac\u0103 constata\u021bi c\u0103:<\/span><\/p><ul><li style=\"font-weight: 400;\" aria-level=\"1\"><span style=\"font-weight: 400;\">Un cont fals care nu v\u0103 apar\u021bine, dar cu propriile informa\u021bii personale a fost creat pe Facebook, Twitter sau alte re\u021bele sociale.<\/span><\/li><li style=\"font-weight: 400;\" aria-level=\"1\"><span style=\"font-weight: 400;\">Informa\u021biile dumneavoastr\u0103 personale, cum ar fi numele, adresa de e-mail etc. s\u0103 fie utilizat de o ter\u021b\u0103 parte necunoscut\u0103 persoanei neautorizate.<\/span><\/li><li style=\"font-weight: 400;\" aria-level=\"1\"><span style=\"font-weight: 400;\">Fotografiile sau videoclipurile tale sau ale copiilor t\u0103i apar public pe internet f\u0103r\u0103 voin\u021ba \u0219i aprobarea ta.<\/span><\/li><\/ul><p><span style=\"font-weight: 400;\">\u00a0<\/span><\/p><p><b>Echipa noastr\u0103 juridic\u0103 v\u0103 ghideaz\u0103 \u00een mod responsabil \u0219i confiden\u021bial pentru a v\u0103 proteja datele personale.<\/b><\/p>\t\t\t\t\t\t<\/div>\n\t\t\t\t<\/div>\n\t\t\t\t<div class=\"elementor-element elementor-element-fa5c7ba elementor-widget-divider--view-line elementor-widget elementor-widget-divider\" data-id=\"fa5c7ba\" data-element_type=\"widget\" data-widget_type=\"divider.default\">\n\t\t\t\t<div class=\"elementor-widget-container\">\n\t\t\t\t\t<div class=\"elementor-divider\">\n\t\t\t<span class=\"elementor-divider-separator\">\n\t\t\t\t\t\t<\/span>\n\t\t<\/div>\n\t\t\t\t<\/div>\n\t\t\t\t<\/div>\n\t\t\t\t\t<\/div>\n\t\t<\/div>\n\t\t\t\t\t<\/div>\n\t\t<\/section>\n\t\t\t\t<section class=\"elementor-section elementor-top-section elementor-element elementor-element-e0ad1d7 elementor-section-boxed elementor-section-height-default elementor-section-height-default\" data-id=\"e0ad1d7\" data-element_type=\"section\" data-settings=\"{&quot;background_background&quot;:&quot;classic&quot;}\">\n\t\t\t\t\t\t\t<div class=\"elementor-background-overlay\"><\/div>\n\t\t\t\t\t\t\t<div class=\"elementor-container elementor-column-gap-default\">\n\t\t\t\t\t<div class=\"elementor-column elementor-col-100 elementor-top-column elementor-element elementor-element-c043788\" data-id=\"c043788\" data-element_type=\"column\">\n\t\t\t<div class=\"elementor-widget-wrap elementor-element-populated\">\n\t\t\t\t\t\t<div class=\"elementor-element elementor-element-2a27741 elementor-widget__width-auto elementor-invisible elementor-widget elementor-widget-heading\" data-id=\"2a27741\" data-element_type=\"widget\" data-settings=\"{&quot;_animation&quot;:&quot;fadeInUp&quot;}\" data-widget_type=\"heading.default\">\n\t\t\t\t<div class=\"elementor-widget-container\">\n\t\t\t<h2 class=\"elementor-heading-title elementor-size-default\">Ai nevoie de ajutor?<\/h2>\t\t<\/div>\n\t\t\t\t<\/div>\n\t\t\t\t<div class=\"elementor-element elementor-element-915b68f elementor-widget-tablet__width-inherit animated-slow elementor-invisible elementor-widget elementor-widget-heading\" data-id=\"915b68f\" data-element_type=\"widget\" data-settings=\"{&quot;_animation&quot;:&quot;fadeInUp&quot;,&quot;_animation_delay&quot;:1000}\" data-widget_type=\"heading.default\">\n\t\t\t\t<div class=\"elementor-widget-container\">\n\t\t\t<h2 class=\"elementor-heading-title elementor-size-default\"><span style=\"color: #ffffff95\">Eficient<\/span>\n<br>\nConsultan\u021b\u0103 juridic\u0103<\/h2>\t\t<\/div>\n\t\t\t\t<\/div>\n\t\t\t\t<div class=\"elementor-element elementor-element-c12b22f elementor-widget elementor-widget-text-editor\" data-id=\"c12b22f\" data-element_type=\"widget\" data-widget_type=\"text-editor.default\">\n\t\t\t\t<div class=\"elementor-widget-container\">\n\t\t\t\t\t\t\t<div dir=\"auto\"><div dir=\"auto\">Experien\u021b\u0103, transparen\u021b\u0103 deplin\u0103 \u0219i dedicare pentru consultan\u021b\u0103 juridic\u0103 eficient\u0103 cu suport de exper\u021bi<\/div><\/div>\t\t\t\t\t\t<\/div>\n\t\t\t\t<\/div>\n\t\t\t\t<div class=\"elementor-element elementor-element-4522f62 elementor-widget__width-auto elementor-widget elementor-widget-button\" data-id=\"4522f62\" data-element_type=\"widget\" data-widget_type=\"button.default\">\n\t\t\t\t<div class=\"elementor-widget-container\">\n\t\t\t\t\t<div class=\"elementor-button-wrapper\">\n\t\t\t<a class=\"elementor-button elementor-button-link elementor-size-sm\" href=\"\/ro\/appointment\" target=\"_blank\">\n\t\t\t\t\t\t<span class=\"elementor-button-content-wrapper\">\n\t\t\t\t\t\t\t\t\t<span class=\"elementor-button-text\">Rezerv\u0103 o programare<\/span>\n\t\t\t\t\t<\/span>\n\t\t\t\t\t<\/a>\n\t\t<\/div>\n\t\t\t\t<\/div>\n\t\t\t\t<\/div>\n\t\t\t\t<div class=\"elementor-element elementor-element-24fc4d4 elementor-widget__width-auto elementor-widget elementor-widget-button\" data-id=\"24fc4d4\" data-element_type=\"widget\" data-widget_type=\"button.default\">\n\t\t\t\t<div class=\"elementor-widget-container\">\n\t\t\t\t\t<div class=\"elementor-button-wrapper\">\n\t\t\t<a class=\"elementor-button elementor-button-link elementor-size-sm\" href=\"\/ro\/contact\" target=\"_blank\">\n\t\t\t\t\t\t<span class=\"elementor-button-content-wrapper\">\n\t\t\t\t\t\t\t\t\t<span class=\"elementor-button-text\">Trimite-ne un Mesaj<\/span>\n\t\t\t\t\t<\/span>\n\t\t\t\t\t<\/a>\n\t\t<\/div>\n\t\t\t\t<\/div>\n\t\t\t\t<\/div>\n\t\t\t\t\t<\/div>\n\t\t<\/div>\n\t\t\t\t\t<\/div>\n\t\t<\/section>\n\t\t\t\t<\/div>\n\t\t","protected":false},"excerpt":{"rendered":"<p>Datele Personale Dac\u0103 afla\u021bi c\u0103 informa\u021biile dumneavoastr\u0103 personale, fotografiile, videoclipurile sau orice alte informa\u021bii personale au fost exploatate de ter\u021bi \u00een scopuri lucrative sau ilegale, v\u0103 rug\u0103m s\u0103 ne contacta\u021bi imediat. Preocuparea noastr\u0103 este cu privire la m\u0103surile adecvate pentru a remedia imediat \u00eenc\u0103lcarea \u0219i a solicita rapid desp\u0103gubirea la care ave\u021bi dreptul. Difuzarea datelor [&hellip;]<\/p>\n","protected":false},"author":5,"featured_media":0,"parent":18837,"menu_order":0,"comment_status":"closed","ping_status":"closed","template":"elementor_header_footer","meta":{"inline_featured_image":false,"footnotes":""},"class_list":["post-19058","page","type-page","status-publish","hentry"],"_links":{"self":[{"href":"https:\/\/lawgr.eu\/ro\/wp-json\/wp\/v2\/pages\/19058","targetHints":{"allow":["GET"]}}],"collection":[{"href":"https:\/\/lawgr.eu\/ro\/wp-json\/wp\/v2\/pages"}],"about":[{"href":"https:\/\/lawgr.eu\/ro\/wp-json\/wp\/v2\/types\/page"}],"author":[{"embeddable":true,"href":"https:\/\/lawgr.eu\/ro\/wp-json\/wp\/v2\/users\/5"}],"replies":[{"embeddable":true,"href":"https:\/\/lawgr.eu\/ro\/wp-json\/wp\/v2\/comments?post=19058"}],"version-history":[{"count":10,"href":"https:\/\/lawgr.eu\/ro\/wp-json\/wp\/v2\/pages\/19058\/revisions"}],"predecessor-version":[{"id":19460,"href":"https:\/\/lawgr.eu\/ro\/wp-json\/wp\/v2\/pages\/19058\/revisions\/19460"}],"up":[{"embeddable":true,"href":"https:\/\/lawgr.eu\/ro\/wp-json\/wp\/v2\/pages\/18837"}],"wp:attachment":[{"href":"https:\/\/lawgr.eu\/ro\/wp-json\/wp\/v2\/media?parent=19058"}],"curies":[{"name":"wp","href":"https:\/\/api.w.org\/{rel}","templated":true}]}}