{"id":19062,"date":"2024-04-15T13:18:33","date_gmt":"2024-04-15T10:18:33","guid":{"rendered":"https:\/\/lawgr.eu\/tomeis-ekseidikeusis\/dikaio-katanaloton-antagonismou\/"},"modified":"2025-04-28T16:18:13","modified_gmt":"2025-04-28T13:18:13","slug":"dikaio-katanaloton-antagonismou","status":"publish","type":"page","link":"https:\/\/lawgr.eu\/ro\/tomeis-ekseidikeusis\/dikaio-katanaloton-antagonismou\/","title":{"rendered":"DREPTUL CONCUREN\u021aEI \u00ceN MATERIE DE PROTEC\u021aIE A CONSUMATORILOR"},"content":{"rendered":"\t\t<div data-elementor-type=\"wp-page\" data-elementor-id=\"19062\" class=\"elementor elementor-19062 elementor-16885\" data-elementor-post-type=\"page\">\n\t\t\t\t\t\t<section class=\"elementor-section elementor-top-section elementor-element elementor-element-4b59d3f elementor-section-full_width elementor-section-height-min-height elementor-section-height-default elementor-section-items-middle\" data-id=\"4b59d3f\" data-element_type=\"section\" data-settings=\"{&quot;background_background&quot;:&quot;classic&quot;}\">\n\t\t\t\t\t\t\t<div class=\"elementor-background-overlay\"><\/div>\n\t\t\t\t\t\t\t<div class=\"elementor-container elementor-column-gap-default\">\n\t\t\t\t\t<div class=\"elementor-column elementor-col-100 elementor-top-column elementor-element elementor-element-567f068\" data-id=\"567f068\" data-element_type=\"column\">\n\t\t\t<div class=\"elementor-widget-wrap\">\n\t\t\t\t\t\t\t<\/div>\n\t\t<\/div>\n\t\t\t\t\t<\/div>\n\t\t<\/section>\n\t\t\t\t<section class=\"elementor-section elementor-top-section elementor-element elementor-element-4f54932 elementor-reverse-tablet elementor-reverse-mobile elementor-section-boxed elementor-section-height-default elementor-section-height-default\" data-id=\"4f54932\" data-element_type=\"section\" data-settings=\"{&quot;background_background&quot;:&quot;classic&quot;}\">\n\t\t\t\t\t\t\t<div class=\"elementor-background-overlay\"><\/div>\n\t\t\t\t\t\t\t<div class=\"elementor-container elementor-column-gap-default\">\n\t\t\t\t\t<div class=\"elementor-column elementor-col-50 elementor-top-column elementor-element elementor-element-34b63de animated-slow elementor-invisible\" data-id=\"34b63de\" data-element_type=\"column\" data-settings=\"{&quot;animation&quot;:&quot;fadeInUp&quot;,&quot;background_background&quot;:&quot;classic&quot;}\">\n\t\t\t<div class=\"elementor-widget-wrap elementor-element-populated\">\n\t\t\t\t\t<div class=\"elementor-background-overlay\"><\/div>\n\t\t\t\t\t\t<div class=\"elementor-element elementor-element-e599ed3 elementor-widget-divider--view-line elementor-widget elementor-widget-divider\" data-id=\"e599ed3\" data-element_type=\"widget\" data-widget_type=\"divider.default\">\n\t\t\t\t<div class=\"elementor-widget-container\">\n\t\t\t\t\t<div class=\"elementor-divider\">\n\t\t\t<span class=\"elementor-divider-separator\">\n\t\t\t\t\t\t<\/span>\n\t\t<\/div>\n\t\t\t\t<\/div>\n\t\t\t\t<\/div>\n\t\t\t\t<div class=\"elementor-element elementor-element-a0b9cce elementor-widget elementor-widget-heading\" data-id=\"a0b9cce\" data-element_type=\"widget\" data-widget_type=\"heading.default\">\n\t\t\t\t<div class=\"elementor-widget-container\">\n\t\t\t<h2 class=\"elementor-heading-title elementor-size-default\">DREPTUL CONCUREN\u021aEI \u00ceN MATERIE DE PROTEC\u021aIE A CONSUMATORILOR<\/h2>\t\t<\/div>\n\t\t\t\t<\/div>\n\t\t\t\t\t<\/div>\n\t\t<\/div>\n\t\t\t\t<div class=\"elementor-column elementor-col-50 elementor-top-column elementor-element elementor-element-8c28e99\" data-id=\"8c28e99\" data-element_type=\"column\">\n\t\t\t<div class=\"elementor-widget-wrap elementor-element-populated\">\n\t\t\t\t\t\t<div class=\"elementor-element elementor-element-5f3e36e elementor-widget elementor-widget-image\" data-id=\"5f3e36e\" data-element_type=\"widget\" data-widget_type=\"image.default\">\n\t\t\t\t<div class=\"elementor-widget-container\">\n\t\t\t\t\t\t\t\t\t\t\t\t\t<img fetchpriority=\"high\" decoding=\"async\" width=\"1000\" height=\"665\" src=\"https:\/\/lawgr.eu\/wp-content\/uploads\/2020\/12\/dikaio-katanaloti.jpg\" class=\"attachment-full size-full wp-image-4555\" alt=\"\u0394\u03af\u03ba\u03b1\u03b9\u03bf \u039a\u03b1\u03c4\u03b1\u03bd\u03b1\u03bb\u03c9\u03c4\u03ce\u03bd \u0391\u03bd\u03c4\u03b1\u03b3\u03c9\u03bd\u03b9\u03c3\u03bc\u03bf\u03cd\" srcset=\"https:\/\/lawgr.eu\/wp-content\/uploads\/2020\/12\/dikaio-katanaloti.jpg 1000w, https:\/\/lawgr.eu\/wp-content\/uploads\/2020\/12\/dikaio-katanaloti-300x200.jpg 300w, https:\/\/lawgr.eu\/wp-content\/uploads\/2020\/12\/dikaio-katanaloti-768x511.jpg 768w\" sizes=\"(max-width: 1000px) 100vw, 1000px\" \/>\t\t\t\t\t\t\t\t\t\t\t\t\t<\/div>\n\t\t\t\t<\/div>\n\t\t\t\t\t<\/div>\n\t\t<\/div>\n\t\t\t\t\t<\/div>\n\t\t<\/section>\n\t\t\t\t<section class=\"elementor-section elementor-top-section elementor-element elementor-element-fa9a4ce elementor-reverse-tablet elementor-reverse-mobile elementor-section-boxed elementor-section-height-default elementor-section-height-default\" data-id=\"fa9a4ce\" data-element_type=\"section\" data-settings=\"{&quot;background_background&quot;:&quot;classic&quot;}\">\n\t\t\t\t\t\t\t<div class=\"elementor-background-overlay\"><\/div>\n\t\t\t\t\t\t\t<div class=\"elementor-container elementor-column-gap-default\">\n\t\t\t\t\t<div class=\"elementor-column elementor-col-100 elementor-top-column elementor-element elementor-element-ff10be3\" data-id=\"ff10be3\" data-element_type=\"column\" data-settings=\"{&quot;background_background&quot;:&quot;classic&quot;}\">\n\t\t\t<div class=\"elementor-widget-wrap elementor-element-populated\">\n\t\t\t\t\t<div class=\"elementor-background-overlay\"><\/div>\n\t\t\t\t\t\t<div class=\"elementor-element elementor-element-dc06c7b elementor-widget-divider--view-line elementor-widget elementor-widget-divider\" data-id=\"dc06c7b\" data-element_type=\"widget\" data-widget_type=\"divider.default\">\n\t\t\t\t<div class=\"elementor-widget-container\">\n\t\t\t\t\t<div class=\"elementor-divider\">\n\t\t\t<span class=\"elementor-divider-separator\">\n\t\t\t\t\t\t<\/span>\n\t\t<\/div>\n\t\t\t\t<\/div>\n\t\t\t\t<\/div>\n\t\t\t\t<div class=\"elementor-element elementor-element-b9713f0 elementor-widget elementor-widget-text-editor\" data-id=\"b9713f0\" data-element_type=\"widget\" data-widget_type=\"text-editor.default\">\n\t\t\t\t<div class=\"elementor-widget-container\">\n\t\t\t\t\t\t\t<p><span style=\"font-weight: 400;\">Majoritatea clien\u021bilor evit\u0103 s\u0103 se angajeze \u00een litigii \u00eendelungate. Societatea noastr\u0103 de avocatur\u0103 urm\u0103re\u0219te s\u0103 solu\u021bioneze litigiile clien\u021bilor s\u0103i rapid \u0219i la cel mai mic cost posibil, folosind modalit\u0103\u021bi alternative extrajudiciare de solu\u021bionare a acestora.<\/span><\/p><p><span style=\"font-weight: 400;\">Oferim servicii de consultan\u021b\u0103 \u0219i reprezentare \u00een instan\u021b\u0103 \u00een cazuri care implic\u0103 produse defecte, publicitate \u00een\u0219el\u0103toare \u0219i comparativ\u0103, practici comerciale neloiale \u0219i ilegale. De asemenea, ne reprezent\u0103m clien\u021bii \u00een fa\u021ba Comisiei Concuren\u021bei \u0219i a oric\u0103rei alte autorit\u0103\u021bi \u00een domeniul protec\u021biei consumatorilor.<\/span><\/p><p><span style=\"font-weight: 400;\">Urm\u0103rind \u00eendeaproape evolu\u021biile din domeniul concuren\u021bei \u0219i liberei circula\u021bii pe pia\u021ba intern\u0103, avoca\u021bii biroului nostru sunt \u00een m\u0103sur\u0103 s\u0103 ofere servicii juridice complete companiilor \u0219i persoanelor fizice pe probleme precum:<\/span><\/p><ul><li style=\"font-weight: 400;\" aria-level=\"1\"><span style=\"font-weight: 400;\">Proiectarea contractelor \u00eentr-un mod care s\u0103 asigure compatibilitatea cu normele de concuren\u021b\u0103<\/span><\/li><li style=\"font-weight: 400;\" aria-level=\"1\"><span style=\"font-weight: 400;\">Litigii privind produse contraf\u0103cute, caracteristici distinctive, practici neloiale, publicitate \u00een\u0219el\u0103toare, precum \u0219i litigii ap\u0103rute \u00een contextul contractelor de distribu\u021bie, furnizare, franciz\u0103 \u0219i exploatare, etc.<\/span><\/li><\/ul>\t\t\t\t\t\t<\/div>\n\t\t\t\t<\/div>\n\t\t\t\t<div class=\"elementor-element elementor-element-b5b095b elementor-widget-divider--view-line elementor-widget elementor-widget-divider\" data-id=\"b5b095b\" data-element_type=\"widget\" data-widget_type=\"divider.default\">\n\t\t\t\t<div class=\"elementor-widget-container\">\n\t\t\t\t\t<div class=\"elementor-divider\">\n\t\t\t<span class=\"elementor-divider-separator\">\n\t\t\t\t\t\t<\/span>\n\t\t<\/div>\n\t\t\t\t<\/div>\n\t\t\t\t<\/div>\n\t\t\t\t\t<\/div>\n\t\t<\/div>\n\t\t\t\t\t<\/div>\n\t\t<\/section>\n\t\t\t\t<section class=\"elementor-section elementor-top-section elementor-element elementor-element-6100862 elementor-section-boxed elementor-section-height-default elementor-section-height-default\" data-id=\"6100862\" data-element_type=\"section\" data-settings=\"{&quot;background_background&quot;:&quot;classic&quot;}\">\n\t\t\t\t\t\t\t<div class=\"elementor-background-overlay\"><\/div>\n\t\t\t\t\t\t\t<div class=\"elementor-container elementor-column-gap-default\">\n\t\t\t\t\t<div class=\"elementor-column elementor-col-100 elementor-top-column elementor-element elementor-element-e74034d\" data-id=\"e74034d\" data-element_type=\"column\">\n\t\t\t<div class=\"elementor-widget-wrap elementor-element-populated\">\n\t\t\t\t\t\t<div class=\"elementor-element elementor-element-0a24c11 elementor-widget__width-auto elementor-invisible elementor-widget elementor-widget-heading\" data-id=\"0a24c11\" data-element_type=\"widget\" data-settings=\"{&quot;_animation&quot;:&quot;fadeInUp&quot;}\" data-widget_type=\"heading.default\">\n\t\t\t\t<div class=\"elementor-widget-container\">\n\t\t\t<h2 class=\"elementor-heading-title elementor-size-default\">Ai nevoie de ajutor?<\/h2>\t\t<\/div>\n\t\t\t\t<\/div>\n\t\t\t\t<div class=\"elementor-element elementor-element-828b72d elementor-widget-tablet__width-inherit animated-slow elementor-invisible elementor-widget elementor-widget-heading\" data-id=\"828b72d\" data-element_type=\"widget\" data-settings=\"{&quot;_animation&quot;:&quot;fadeInUp&quot;,&quot;_animation_delay&quot;:1000}\" data-widget_type=\"heading.default\">\n\t\t\t\t<div class=\"elementor-widget-container\">\n\t\t\t<h2 class=\"elementor-heading-title elementor-size-default\"><span style=\"color: #ffffff95\">Eficient<\/span>\n<br>\nConsultan\u021b\u0103 juridic\u0103<\/h2>\t\t<\/div>\n\t\t\t\t<\/div>\n\t\t\t\t<div class=\"elementor-element elementor-element-d809b4a elementor-widget elementor-widget-text-editor\" data-id=\"d809b4a\" data-element_type=\"widget\" data-widget_type=\"text-editor.default\">\n\t\t\t\t<div class=\"elementor-widget-container\">\n\t\t\t\t\t\t\t<div dir=\"auto\"><div dir=\"auto\">Experien\u021b\u0103, transparen\u021b\u0103 deplin\u0103 \u0219i dedicare pentru consultan\u021b\u0103 juridic\u0103 eficient\u0103 cu suport de exper\u021bi<\/div><\/div>\t\t\t\t\t\t<\/div>\n\t\t\t\t<\/div>\n\t\t\t\t<div class=\"elementor-element elementor-element-f00c6d5 elementor-widget__width-auto elementor-widget elementor-widget-button\" data-id=\"f00c6d5\" data-element_type=\"widget\" data-widget_type=\"button.default\">\n\t\t\t\t<div class=\"elementor-widget-container\">\n\t\t\t\t\t<div class=\"elementor-button-wrapper\">\n\t\t\t<a class=\"elementor-button elementor-button-link elementor-size-sm\" href=\"\/ro\/appointment\" target=\"_blank\">\n\t\t\t\t\t\t<span class=\"elementor-button-content-wrapper\">\n\t\t\t\t\t\t\t\t\t<span class=\"elementor-button-text\">Rezerv\u0103 o programare<\/span>\n\t\t\t\t\t<\/span>\n\t\t\t\t\t<\/a>\n\t\t<\/div>\n\t\t\t\t<\/div>\n\t\t\t\t<\/div>\n\t\t\t\t<div class=\"elementor-element elementor-element-e87d778 elementor-widget__width-auto elementor-widget elementor-widget-button\" data-id=\"e87d778\" data-element_type=\"widget\" data-widget_type=\"button.default\">\n\t\t\t\t<div class=\"elementor-widget-container\">\n\t\t\t\t\t<div class=\"elementor-button-wrapper\">\n\t\t\t<a class=\"elementor-button elementor-button-link elementor-size-sm\" href=\"\/ro\/contact\" target=\"_blank\">\n\t\t\t\t\t\t<span class=\"elementor-button-content-wrapper\">\n\t\t\t\t\t\t\t\t\t<span class=\"elementor-button-text\">Trimite-ne un Mesaj<\/span>\n\t\t\t\t\t<\/span>\n\t\t\t\t\t<\/a>\n\t\t<\/div>\n\t\t\t\t<\/div>\n\t\t\t\t<\/div>\n\t\t\t\t\t<\/div>\n\t\t<\/div>\n\t\t\t\t\t<\/div>\n\t\t<\/section>\n\t\t\t\t<\/div>\n\t\t","protected":false},"excerpt":{"rendered":"<p>DREPTUL CONCUREN\u021aEI \u00ceN MATERIE DE PROTEC\u021aIE A CONSUMATORILOR Majoritatea clien\u021bilor evit\u0103 s\u0103 se angajeze \u00een litigii \u00eendelungate. Societatea noastr\u0103 de avocatur\u0103 urm\u0103re\u0219te s\u0103 solu\u021bioneze litigiile clien\u021bilor s\u0103i rapid \u0219i la cel mai mic cost posibil, folosind modalit\u0103\u021bi alternative extrajudiciare de solu\u021bionare a acestora. Oferim servicii de consultan\u021b\u0103 \u0219i reprezentare \u00een instan\u021b\u0103 \u00een cazuri care implic\u0103 [&hellip;]<\/p>\n","protected":false},"author":5,"featured_media":0,"parent":18837,"menu_order":0,"comment_status":"closed","ping_status":"closed","template":"elementor_header_footer","meta":{"inline_featured_image":false,"footnotes":""},"class_list":["post-19062","page","type-page","status-publish","hentry"],"_links":{"self":[{"href":"https:\/\/lawgr.eu\/ro\/wp-json\/wp\/v2\/pages\/19062","targetHints":{"allow":["GET"]}}],"collection":[{"href":"https:\/\/lawgr.eu\/ro\/wp-json\/wp\/v2\/pages"}],"about":[{"href":"https:\/\/lawgr.eu\/ro\/wp-json\/wp\/v2\/types\/page"}],"author":[{"embeddable":true,"href":"https:\/\/lawgr.eu\/ro\/wp-json\/wp\/v2\/users\/5"}],"replies":[{"embeddable":true,"href":"https:\/\/lawgr.eu\/ro\/wp-json\/wp\/v2\/comments?post=19062"}],"version-history":[{"count":10,"href":"https:\/\/lawgr.eu\/ro\/wp-json\/wp\/v2\/pages\/19062\/revisions"}],"predecessor-version":[{"id":19463,"href":"https:\/\/lawgr.eu\/ro\/wp-json\/wp\/v2\/pages\/19062\/revisions\/19463"}],"up":[{"embeddable":true,"href":"https:\/\/lawgr.eu\/ro\/wp-json\/wp\/v2\/pages\/18837"}],"wp:attachment":[{"href":"https:\/\/lawgr.eu\/ro\/wp-json\/wp\/v2\/media?parent=19062"}],"curies":[{"name":"wp","href":"https:\/\/api.w.org\/{rel}","templated":true}]}}